{"id":1094,"date":"2022-02-17T19:16:53","date_gmt":"2022-02-17T19:16:53","guid":{"rendered":"http:\/\/ines-falak.from.hr\/?page_id=1094"},"modified":"2022-02-18T08:26:59","modified_gmt":"2022-02-18T08:26:59","slug":"vjezbenica-4","status":"publish","type":"page","link":"http:\/\/ines-falak.from.hr\/?page_id=1094","title":{"rendered":"Vje\u017ebenica 4"},"content":{"rendered":"<p><a href=\"http:\/\/ines-falak.from.hr\/files\/2022\/02\/Sadrzaj-M-VJ4-sve.jpg\"><strong>Sadr\u017eaj \u2013 Vje\u017ebenica iz matematike 4 za drugi razred<\/strong><\/a><br \/>\n<a href=\"https:\/\/drive.google.com\/file\/d\/1ojt5I_WLG0RiHp0PbviXPzQ2pbkWg4e5\/view?usp=sharing\" target=\"_blank\" rel=\"noopener\"><strong>Preuzmi \u2013 Vje\u017ebenicu iz matematike 4 za drugi razred<\/strong><\/a><\/p>\n<hr>\n<p><a href=\"http:\/\/ines-falak.from.hr\/files\/2022\/02\/Sadrzaj-M-VJ4-sve.jpg\"><img loading=\"lazy\" class=\"alignnone size-full wp-image-1108\" src=\"http:\/\/ines-falak.from.hr\/files\/2022\/02\/Sadrzaj-M-VJ4-sve.jpg\" alt=\"\" width=\"668\" height=\"705\" srcset=\"http:\/\/ines-falak.from.hr\/files\/2022\/02\/Sadrzaj-M-VJ4-sve.jpg 668w, http:\/\/ines-falak.from.hr\/files\/2022\/02\/Sadrzaj-M-VJ4-sve-474x500.jpg 474w\" sizes=\"(max-width: 668px) 100vw, 668px\" \/><\/a><\/p>\n","protected":false},"excerpt":{"rendered":"<p>Sadr\u017eaj \u2013 Vje\u017ebenica iz matematike 4 za drugi razred Preuzmi \u2013 Vje\u017ebenicu iz matematike 4 za drugi razred<\/p>\n","protected":false},"author":1352,"featured_media":0,"parent":994,"menu_order":6,"comment_status":"closed","ping_status":"closed","template":"","meta":{"ngg_post_thumbnail":0},"yoast_head":"<!-- This site is optimized with the Yoast SEO plugin v17.5 - https:\/\/yoast.com\/wordpress\/plugins\/seo\/ -->\n<meta name=\"robots\" content=\"index, follow, max-snippet:-1, max-image-preview:large, max-video-preview:-1\" \/>\n<link rel=\"canonical\" href=\"http:\/\/ines-falak.from.hr\/?page_id=1094\" \/>\n<meta property=\"og:locale\" content=\"hr_HR\" \/>\n<meta property=\"og:type\" content=\"article\" \/>\n<meta property=\"og:title\" content=\"Vje\u017ebenica 4 - Potra\u017ei, \u010ditaj, ma\u0161taj, istra\u017ei, izra\u010dunaj\" \/>\n<meta property=\"og:description\" content=\"Sadr\u017eaj \u2013 Vje\u017ebenica iz matematike 4 za drugi razred Preuzmi \u2013 Vje\u017ebenicu iz matematike 4 za drugi razred\" \/>\n<meta property=\"og:url\" content=\"http:\/\/ines-falak.from.hr\/?page_id=1094\" \/>\n<meta property=\"og:site_name\" content=\"Potra\u017ei, \u010ditaj, ma\u0161taj, istra\u017ei, izra\u010dunaj\" \/>\n<meta property=\"article:modified_time\" content=\"2022-02-18T08:26:59+00:00\" \/>\n<meta property=\"og:image\" content=\"http:\/\/from.hr\/ines-falak\/files\/2022\/02\/Sadrzaj-M-VJ4-sve.jpg\" \/>\n<meta name=\"twitter:card\" content=\"summary\" \/>\n<meta name=\"twitter:label1\" content=\"Procijenjeno vrijeme \u010ditanja\" \/>\n\t<meta name=\"twitter:data1\" content=\"1 minuta\" \/>\n<script type=\"application\/ld+json\" class=\"yoast-schema-graph\">{\"@context\":\"https:\/\/schema.org\",\"@graph\":[{\"@type\":\"WebSite\",\"@id\":\"http:\/\/ines-falak.from.hr\/#website\",\"url\":\"http:\/\/ines-falak.from.hr\/\",\"name\":\"Potra\\u017ei, \\u010ditaj, ma\\u0161taj, istra\\u017ei, izra\\u010dunaj\",\"description\":\"- preporuke Ines Falak\",\"potentialAction\":[{\"@type\":\"SearchAction\",\"target\":{\"@type\":\"EntryPoint\",\"urlTemplate\":\"http:\/\/ines-falak.from.hr\/?s={search_term_string}\"},\"query-input\":\"required name=search_term_string\"}],\"inLanguage\":\"hr\"},{\"@type\":\"ImageObject\",\"@id\":\"http:\/\/ines-falak.from.hr\/?page_id=1094#primaryimage\",\"inLanguage\":\"hr\",\"url\":\"http:\/\/from.hr\/ines-falak\/files\/2022\/02\/Sadrzaj-M-VJ4-sve.jpg\",\"contentUrl\":\"http:\/\/from.hr\/ines-falak\/files\/2022\/02\/Sadrzaj-M-VJ4-sve.jpg\"},{\"@type\":\"WebPage\",\"@id\":\"http:\/\/ines-falak.from.hr\/?page_id=1094#webpage\",\"url\":\"http:\/\/ines-falak.from.hr\/?page_id=1094\",\"name\":\"Vje\\u017ebenica 4 - Potra\\u017ei, \\u010ditaj, ma\\u0161taj, istra\\u017ei, izra\\u010dunaj\",\"isPartOf\":{\"@id\":\"http:\/\/ines-falak.from.hr\/#website\"},\"primaryImageOfPage\":{\"@id\":\"http:\/\/ines-falak.from.hr\/?page_id=1094#primaryimage\"},\"datePublished\":\"2022-02-17T19:16:53+00:00\",\"dateModified\":\"2022-02-18T08:26:59+00:00\",\"breadcrumb\":{\"@id\":\"http:\/\/ines-falak.from.hr\/?page_id=1094#breadcrumb\"},\"inLanguage\":\"hr\",\"potentialAction\":[{\"@type\":\"ReadAction\",\"target\":[\"http:\/\/ines-falak.from.hr\/?page_id=1094\"]}]},{\"@type\":\"BreadcrumbList\",\"@id\":\"http:\/\/ines-falak.from.hr\/?page_id=1094#breadcrumb\",\"itemListElement\":[{\"@type\":\"ListItem\",\"position\":1,\"name\":\"Home\",\"item\":\"http:\/\/ines-falak.from.hr\/\"},{\"@type\":\"ListItem\",\"position\":2,\"name\":\"Vje\\u017ebenice &#8211; MAT\",\"item\":\"http:\/\/ines-falak.from.hr\/?page_id=994\"},{\"@type\":\"ListItem\",\"position\":3,\"name\":\"Vje\\u017ebenica 4\"}]}]}<\/script>\n<!-- \/ Yoast SEO plugin. -->","yoast_head_json":{"robots":{"index":"index","follow":"follow","max-snippet":"max-snippet:-1","max-image-preview":"max-image-preview:large","max-video-preview":"max-video-preview:-1"},"canonical":"http:\/\/ines-falak.from.hr\/?page_id=1094","og_locale":"hr_HR","og_type":"article","og_title":"Vje\u017ebenica 4 - Potra\u017ei, \u010ditaj, ma\u0161taj, istra\u017ei, izra\u010dunaj","og_description":"Sadr\u017eaj \u2013 Vje\u017ebenica iz matematike 4 za drugi razred Preuzmi \u2013 Vje\u017ebenicu iz matematike 4 za drugi razred","og_url":"http:\/\/ines-falak.from.hr\/?page_id=1094","og_site_name":"Potra\u017ei, \u010ditaj, ma\u0161taj, istra\u017ei, izra\u010dunaj","article_modified_time":"2022-02-18T08:26:59+00:00","og_image":[{"url":"http:\/\/from.hr\/ines-falak\/files\/2022\/02\/Sadrzaj-M-VJ4-sve.jpg"}],"twitter_card":"summary","twitter_misc":{"Procijenjeno vrijeme \u010ditanja":"1 minuta"},"schema":{"@context":"https:\/\/schema.org","@graph":[{"@type":"WebSite","@id":"http:\/\/ines-falak.from.hr\/#website","url":"http:\/\/ines-falak.from.hr\/","name":"Potra\u017ei, \u010ditaj, ma\u0161taj, istra\u017ei, izra\u010dunaj","description":"- preporuke Ines Falak","potentialAction":[{"@type":"SearchAction","target":{"@type":"EntryPoint","urlTemplate":"http:\/\/ines-falak.from.hr\/?s={search_term_string}"},"query-input":"required name=search_term_string"}],"inLanguage":"hr"},{"@type":"ImageObject","@id":"http:\/\/ines-falak.from.hr\/?page_id=1094#primaryimage","inLanguage":"hr","url":"http:\/\/from.hr\/ines-falak\/files\/2022\/02\/Sadrzaj-M-VJ4-sve.jpg","contentUrl":"http:\/\/from.hr\/ines-falak\/files\/2022\/02\/Sadrzaj-M-VJ4-sve.jpg"},{"@type":"WebPage","@id":"http:\/\/ines-falak.from.hr\/?page_id=1094#webpage","url":"http:\/\/ines-falak.from.hr\/?page_id=1094","name":"Vje\u017ebenica 4 - Potra\u017ei, \u010ditaj, ma\u0161taj, istra\u017ei, izra\u010dunaj","isPartOf":{"@id":"http:\/\/ines-falak.from.hr\/#website"},"primaryImageOfPage":{"@id":"http:\/\/ines-falak.from.hr\/?page_id=1094#primaryimage"},"datePublished":"2022-02-17T19:16:53+00:00","dateModified":"2022-02-18T08:26:59+00:00","breadcrumb":{"@id":"http:\/\/ines-falak.from.hr\/?page_id=1094#breadcrumb"},"inLanguage":"hr","potentialAction":[{"@type":"ReadAction","target":["http:\/\/ines-falak.from.hr\/?page_id=1094"]}]},{"@type":"BreadcrumbList","@id":"http:\/\/ines-falak.from.hr\/?page_id=1094#breadcrumb","itemListElement":[{"@type":"ListItem","position":1,"name":"Home","item":"http:\/\/ines-falak.from.hr\/"},{"@type":"ListItem","position":2,"name":"Vje\u017ebenice &#8211; MAT","item":"http:\/\/ines-falak.from.hr\/?page_id=994"},{"@type":"ListItem","position":3,"name":"Vje\u017ebenica 4"}]}]}},"_links":{"self":[{"href":"http:\/\/ines-falak.from.hr\/index.php?rest_route=\/wp\/v2\/pages\/1094"}],"collection":[{"href":"http:\/\/ines-falak.from.hr\/index.php?rest_route=\/wp\/v2\/pages"}],"about":[{"href":"http:\/\/ines-falak.from.hr\/index.php?rest_route=\/wp\/v2\/types\/page"}],"author":[{"embeddable":true,"href":"http:\/\/ines-falak.from.hr\/index.php?rest_route=\/wp\/v2\/users\/1352"}],"replies":[{"embeddable":true,"href":"http:\/\/ines-falak.from.hr\/index.php?rest_route=%2Fwp%2Fv2%2Fcomments&post=1094"}],"version-history":[{"count":5,"href":"http:\/\/ines-falak.from.hr\/index.php?rest_route=\/wp\/v2\/pages\/1094\/revisions"}],"predecessor-version":[{"id":1122,"href":"http:\/\/ines-falak.from.hr\/index.php?rest_route=\/wp\/v2\/pages\/1094\/revisions\/1122"}],"up":[{"embeddable":true,"href":"http:\/\/ines-falak.from.hr\/index.php?rest_route=\/wp\/v2\/pages\/994"}],"wp:attachment":[{"href":"http:\/\/ines-falak.from.hr\/index.php?rest_route=%2Fwp%2Fv2%2Fmedia&parent=1094"}],"curies":[{"name":"wp","href":"https:\/\/api.w.org\/{rel}","templated":true}]}}