{"id":1097,"date":"2022-02-17T19:25:46","date_gmt":"2022-02-17T19:25:46","guid":{"rendered":"http:\/\/ines-falak.from.hr\/?page_id=1097"},"modified":"2022-02-18T07:37:52","modified_gmt":"2022-02-18T07:37:52","slug":"m1-vjezbenica","status":"publish","type":"page","link":"http:\/\/ines-falak.from.hr\/?page_id=1097","title":{"rendered":"M1 &#8211; Vje\u017ebenica"},"content":{"rendered":"<p><strong><a href=\"http:\/\/ines-falak.from.hr\/files\/2022\/02\/Sadrzaj-MVJ-1r.pdf\">Sadr\u017eaj &#8211; Vje\u017ebenica iz matematike za prvi razred<\/a><\/strong><br \/>\n<strong><a href=\"https:\/\/drive.google.com\/file\/d\/1xzLtHchz__Pt90TK2HxWUtBouRkiVtZM\/view?usp=sharing\" target=\"_blank\" rel=\"noopener\">Preuzmi &#8211; Vje\u017ebenicu iz matematike za prvi razred<\/a><\/strong><\/p>\n<hr>\n\n<!-- iframe plugin v.4.5 wordpress.org\/plugins\/iframe\/ -->\n<iframe src=\"http:\/\/ines-falak.from.hr\/files\/2022\/02\/Sadrzaj-MVJ-1r.pdf\" width=\"100%\" height=\"800\" scrolling=\"yes\" class=\"iframe-class\" frameborder=\"0\"><\/iframe>\n\n","protected":false},"excerpt":{"rendered":"<p>Sadr\u017eaj &#8211; Vje\u017ebenica iz matematike za prvi razred Preuzmi &#8211; Vje\u017ebenicu iz matematike za prvi razred<\/p>\n","protected":false},"author":1352,"featured_media":0,"parent":994,"menu_order":2,"comment_status":"closed","ping_status":"closed","template":"","meta":{"ngg_post_thumbnail":0},"yoast_head":"<!-- This site is optimized with the Yoast SEO plugin v17.5 - https:\/\/yoast.com\/wordpress\/plugins\/seo\/ -->\n<meta name=\"robots\" content=\"index, follow, max-snippet:-1, max-image-preview:large, max-video-preview:-1\" \/>\n<link rel=\"canonical\" href=\"http:\/\/ines-falak.from.hr\/?page_id=1097\" \/>\n<meta property=\"og:locale\" content=\"hr_HR\" \/>\n<meta property=\"og:type\" content=\"article\" \/>\n<meta property=\"og:title\" content=\"M1 - Vje\u017ebenica - Potra\u017ei, \u010ditaj, ma\u0161taj, istra\u017ei, izra\u010dunaj\" \/>\n<meta property=\"og:description\" content=\"Sadr\u017eaj &#8211; Vje\u017ebenica iz matematike za prvi razred Preuzmi &#8211; Vje\u017ebenicu iz matematike za prvi razred\" \/>\n<meta property=\"og:url\" content=\"http:\/\/ines-falak.from.hr\/?page_id=1097\" \/>\n<meta property=\"og:site_name\" content=\"Potra\u017ei, \u010ditaj, ma\u0161taj, istra\u017ei, izra\u010dunaj\" \/>\n<meta property=\"article:modified_time\" content=\"2022-02-18T07:37:52+00:00\" \/>\n<meta name=\"twitter:card\" content=\"summary\" \/>\n<meta name=\"twitter:label1\" content=\"Procijenjeno vrijeme \u010ditanja\" \/>\n\t<meta name=\"twitter:data1\" content=\"1 minuta\" \/>\n<script type=\"application\/ld+json\" class=\"yoast-schema-graph\">{\"@context\":\"https:\/\/schema.org\",\"@graph\":[{\"@type\":\"WebSite\",\"@id\":\"http:\/\/ines-falak.from.hr\/#website\",\"url\":\"http:\/\/ines-falak.from.hr\/\",\"name\":\"Potra\\u017ei, \\u010ditaj, ma\\u0161taj, istra\\u017ei, izra\\u010dunaj\",\"description\":\"- preporuke Ines Falak\",\"potentialAction\":[{\"@type\":\"SearchAction\",\"target\":{\"@type\":\"EntryPoint\",\"urlTemplate\":\"http:\/\/ines-falak.from.hr\/?s={search_term_string}\"},\"query-input\":\"required name=search_term_string\"}],\"inLanguage\":\"hr\"},{\"@type\":\"WebPage\",\"@id\":\"http:\/\/ines-falak.from.hr\/?page_id=1097#webpage\",\"url\":\"http:\/\/ines-falak.from.hr\/?page_id=1097\",\"name\":\"M1 - Vje\\u017ebenica - Potra\\u017ei, \\u010ditaj, ma\\u0161taj, istra\\u017ei, izra\\u010dunaj\",\"isPartOf\":{\"@id\":\"http:\/\/ines-falak.from.hr\/#website\"},\"datePublished\":\"2022-02-17T19:25:46+00:00\",\"dateModified\":\"2022-02-18T07:37:52+00:00\",\"breadcrumb\":{\"@id\":\"http:\/\/ines-falak.from.hr\/?page_id=1097#breadcrumb\"},\"inLanguage\":\"hr\",\"potentialAction\":[{\"@type\":\"ReadAction\",\"target\":[\"http:\/\/ines-falak.from.hr\/?page_id=1097\"]}]},{\"@type\":\"BreadcrumbList\",\"@id\":\"http:\/\/ines-falak.from.hr\/?page_id=1097#breadcrumb\",\"itemListElement\":[{\"@type\":\"ListItem\",\"position\":1,\"name\":\"Home\",\"item\":\"http:\/\/ines-falak.from.hr\/\"},{\"@type\":\"ListItem\",\"position\":2,\"name\":\"Vje\\u017ebenice &#8211; MAT\",\"item\":\"http:\/\/ines-falak.from.hr\/?page_id=994\"},{\"@type\":\"ListItem\",\"position\":3,\"name\":\"M1 &#8211; Vje\\u017ebenica\"}]}]}<\/script>\n<!-- \/ Yoast SEO plugin. -->","yoast_head_json":{"robots":{"index":"index","follow":"follow","max-snippet":"max-snippet:-1","max-image-preview":"max-image-preview:large","max-video-preview":"max-video-preview:-1"},"canonical":"http:\/\/ines-falak.from.hr\/?page_id=1097","og_locale":"hr_HR","og_type":"article","og_title":"M1 - Vje\u017ebenica - Potra\u017ei, \u010ditaj, ma\u0161taj, istra\u017ei, izra\u010dunaj","og_description":"Sadr\u017eaj &#8211; Vje\u017ebenica iz matematike za prvi razred Preuzmi &#8211; Vje\u017ebenicu iz matematike za prvi razred","og_url":"http:\/\/ines-falak.from.hr\/?page_id=1097","og_site_name":"Potra\u017ei, \u010ditaj, ma\u0161taj, istra\u017ei, izra\u010dunaj","article_modified_time":"2022-02-18T07:37:52+00:00","twitter_card":"summary","twitter_misc":{"Procijenjeno vrijeme \u010ditanja":"1 minuta"},"schema":{"@context":"https:\/\/schema.org","@graph":[{"@type":"WebSite","@id":"http:\/\/ines-falak.from.hr\/#website","url":"http:\/\/ines-falak.from.hr\/","name":"Potra\u017ei, \u010ditaj, ma\u0161taj, istra\u017ei, izra\u010dunaj","description":"- preporuke Ines Falak","potentialAction":[{"@type":"SearchAction","target":{"@type":"EntryPoint","urlTemplate":"http:\/\/ines-falak.from.hr\/?s={search_term_string}"},"query-input":"required name=search_term_string"}],"inLanguage":"hr"},{"@type":"WebPage","@id":"http:\/\/ines-falak.from.hr\/?page_id=1097#webpage","url":"http:\/\/ines-falak.from.hr\/?page_id=1097","name":"M1 - Vje\u017ebenica - Potra\u017ei, \u010ditaj, ma\u0161taj, istra\u017ei, izra\u010dunaj","isPartOf":{"@id":"http:\/\/ines-falak.from.hr\/#website"},"datePublished":"2022-02-17T19:25:46+00:00","dateModified":"2022-02-18T07:37:52+00:00","breadcrumb":{"@id":"http:\/\/ines-falak.from.hr\/?page_id=1097#breadcrumb"},"inLanguage":"hr","potentialAction":[{"@type":"ReadAction","target":["http:\/\/ines-falak.from.hr\/?page_id=1097"]}]},{"@type":"BreadcrumbList","@id":"http:\/\/ines-falak.from.hr\/?page_id=1097#breadcrumb","itemListElement":[{"@type":"ListItem","position":1,"name":"Home","item":"http:\/\/ines-falak.from.hr\/"},{"@type":"ListItem","position":2,"name":"Vje\u017ebenice &#8211; MAT","item":"http:\/\/ines-falak.from.hr\/?page_id=994"},{"@type":"ListItem","position":3,"name":"M1 &#8211; Vje\u017ebenica"}]}]}},"_links":{"self":[{"href":"http:\/\/ines-falak.from.hr\/index.php?rest_route=\/wp\/v2\/pages\/1097"}],"collection":[{"href":"http:\/\/ines-falak.from.hr\/index.php?rest_route=\/wp\/v2\/pages"}],"about":[{"href":"http:\/\/ines-falak.from.hr\/index.php?rest_route=\/wp\/v2\/types\/page"}],"author":[{"embeddable":true,"href":"http:\/\/ines-falak.from.hr\/index.php?rest_route=\/wp\/v2\/users\/1352"}],"replies":[{"embeddable":true,"href":"http:\/\/ines-falak.from.hr\/index.php?rest_route=%2Fwp%2Fv2%2Fcomments&post=1097"}],"version-history":[{"count":9,"href":"http:\/\/ines-falak.from.hr\/index.php?rest_route=\/wp\/v2\/pages\/1097\/revisions"}],"predecessor-version":[{"id":1118,"href":"http:\/\/ines-falak.from.hr\/index.php?rest_route=\/wp\/v2\/pages\/1097\/revisions\/1118"}],"up":[{"embeddable":true,"href":"http:\/\/ines-falak.from.hr\/index.php?rest_route=\/wp\/v2\/pages\/994"}],"wp:attachment":[{"href":"http:\/\/ines-falak.from.hr\/index.php?rest_route=%2Fwp%2Fv2%2Fmedia&parent=1097"}],"curies":[{"name":"wp","href":"https:\/\/api.w.org\/{rel}","templated":true}]}}