{"id":2,"date":"2014-08-07T17:59:34","date_gmt":"2014-08-07T17:59:34","guid":{"rendered":"http:\/\/from.hr\/ines-falak\/?page_id=2"},"modified":"2022-02-18T11:13:14","modified_gmt":"2022-02-18T11:13:14","slug":"naslovna","status":"publish","type":"page","link":"http:\/\/ines-falak.from.hr\/","title":{"rendered":"Naslovna"},"content":{"rendered":"<p>&nbsp;<\/p>\n<table border=\"0\" width=\"200\">\n<tbody>\n<tr>\n<td><a href=\"http:\/\/ines-falak.from.hr\/?page_id=24\"><img loading=\"lazy\" class=\"alignnone\" title=\"U\u010dimo \u010ditati i pisati\" src=\"http:\/\/ines-falak.from.hr\/files\/2019\/07\/ucimo-citati-i-pisat-TOi.jpg\" alt=\"U\u010dimo \u010ditati i pisati\" width=\"200\" height=\"200\"><\/a><\/td>\n<td><a href=\"http:\/\/ines-falak.from.hr\/?page_id=592\"><img loading=\"lazy\" class=\"alignnone\" title=\"Rekli su o knjigama, \u010ditanju, pisanju\" src=\"http:\/\/ines-falak.from.hr\/files\/2019\/07\/IZREKE-TON.jpg\" alt=\"Dru\u0161tvo\" width=\"200\" height=\"200\"><\/a><\/td>\n<td><a href=\"http:\/\/ines-falak.from.hr\/?page_id=595\"><img loading=\"lazy\" class=\"alignnone\" title=\"Izaberi\" src=\"http:\/\/ines-falak.from.hr\/files\/2019\/07\/IZABERI-TO.jpg\" alt=\"Dru\u0161tvo\" width=\"200\" height=\"200\"><\/a><\/td>\n<\/tr>\n<tr>\n<td><a href=\"http:\/\/ines-falak.from.hr\/?page_id=598\"><img loading=\"lazy\" class=\"alignnone\" title=\"Ma\u0161taj\" src=\"http:\/\/ines-falak.from.hr\/files\/2019\/07\/mastaj-TO.jpg\" alt=\"Dru\u0161tvo\" width=\"200\" height=\"200\"><\/a><\/td>\n<td><a href=\"http:\/\/ines-falak.from.hr\/?page_id=603\"><img loading=\"lazy\" class=\"alignnone\" title=\"Dobro je znati\" src=\"http:\/\/ines-falak.from.hr\/files\/2019\/07\/DOBRO-JE-ZNATI-TO1.jpg\" alt=\"Dru\u0161tvo\" width=\"200\" height=\"200\"><\/a><\/td>\n<td><a href=\"http:\/\/ines-falak.from.hr\/?page_id=935\"><img loading=\"lazy\" class=\"alignnone\" title=\"Vje\u017ebenice iz hrvatskog jezika\" src=\"http:\/\/ines-falak.from.hr\/files\/2022\/02\/logo-vjez-200.jpg\" alt=\"Vje\u017ebenica\" width=\"200\" height=\"200\"><\/a><\/td>\n<\/tr>\n<tr>\n<td><a href=\"http:\/\/ines-falak.from.hr\/?page_id=994\"><img loading=\"lazy\" class=\"alignnone wp-image-1074 size-full\" title=\"Vje\u017ebenica i radni listovi iz matematike\" src=\"http:\/\/ines-falak.from.hr\/files\/2022\/02\/List-mat-1-m.jpg\" alt=\"\" width=\"200\" height=\"200\" srcset=\"http:\/\/ines-falak.from.hr\/files\/2022\/02\/List-mat-1-m.jpg 200w, http:\/\/ines-falak.from.hr\/files\/2022\/02\/List-mat-1-m-150x150.jpg 150w\" sizes=\"(max-width: 200px) 100vw, 200px\" \/><\/a><\/td>\n<td><a href=\"https:\/\/onedrive.live.com\/redir.aspx?cid=e0bb8789634ac63b&amp;resid=E0BB8789634AC63B!1572&amp;parId=E0BB8789634AC63B!105&amp;authkey=!APBStI02jaRwS9M\" target=\"_blank\" rel=\"noopener\"><img loading=\"lazy\" class=\"alignnone wp-image-1013\" title=\"Glazba za \u010ditanje\" src=\"http:\/\/ines-falak.from.hr\/files\/2022\/02\/kids-music-clipart-8NOVO.jpg\" alt=\"\" width=\"200\" height=\"126\"><\/a><\/td>\n<\/tr>\n<\/tbody>\n<\/table>\n<p><a href=\"http:\/\/www.inet.hr\/~ifalak\/index.htm\" target=\"_blank\" rel=\"noopener\"><img loading=\"lazy\" class=\"aligncenter wp-image-1001 size-full\" title=\"Od prvoga do \u010detvrtog\" src=\"http:\/\/ines-falak.from.hr\/files\/2022\/02\/Logo4.gif\" alt=\"\" width=\"235\" height=\"60\"><\/a><\/p>\n<hr>\n","protected":false},"excerpt":{"rendered":"<p>&nbsp;<\/p>\n","protected":false},"author":1352,"featured_media":0,"parent":0,"menu_order":0,"comment_status":"closed","ping_status":"closed","template":"page-templates\/full-width.php","meta":{"ngg_post_thumbnail":0},"yoast_head":"<!-- This site is optimized with the Yoast SEO plugin v17.5 - https:\/\/yoast.com\/wordpress\/plugins\/seo\/ -->\n<meta name=\"robots\" content=\"index, follow, max-snippet:-1, max-image-preview:large, max-video-preview:-1\" \/>\n<link rel=\"canonical\" href=\"http:\/\/ines-falak.from.hr\/\" \/>\n<meta property=\"og:locale\" content=\"hr_HR\" \/>\n<meta property=\"og:type\" content=\"article\" \/>\n<meta property=\"og:title\" content=\"Naslovna - Potra\u017ei, \u010ditaj, ma\u0161taj, istra\u017ei, izra\u010dunaj\" \/>\n<meta property=\"og:description\" content=\"&nbsp;\" \/>\n<meta property=\"og:url\" content=\"http:\/\/ines-falak.from.hr\/\" \/>\n<meta property=\"og:site_name\" content=\"Potra\u017ei, \u010ditaj, ma\u0161taj, istra\u017ei, izra\u010dunaj\" \/>\n<meta property=\"article:modified_time\" content=\"2022-02-18T11:13:14+00:00\" \/>\n<meta property=\"og:image\" content=\"http:\/\/ines-falak.from.hr\/files\/2019\/07\/ucimo-citati-i-pisat-TOi.jpg\" \/>\n<meta name=\"twitter:card\" content=\"summary\" \/>\n<meta name=\"twitter:label1\" content=\"Procijenjeno vrijeme \u010ditanja\" \/>\n\t<meta name=\"twitter:data1\" content=\"2 minute\" \/>\n<script type=\"application\/ld+json\" class=\"yoast-schema-graph\">{\"@context\":\"https:\/\/schema.org\",\"@graph\":[{\"@type\":\"WebSite\",\"@id\":\"http:\/\/ines-falak.from.hr\/#website\",\"url\":\"http:\/\/ines-falak.from.hr\/\",\"name\":\"Potra\\u017ei, \\u010ditaj, ma\\u0161taj, istra\\u017ei, izra\\u010dunaj\",\"description\":\"- preporuke Ines Falak\",\"potentialAction\":[{\"@type\":\"SearchAction\",\"target\":{\"@type\":\"EntryPoint\",\"urlTemplate\":\"http:\/\/ines-falak.from.hr\/?s={search_term_string}\"},\"query-input\":\"required name=search_term_string\"}],\"inLanguage\":\"hr\"},{\"@type\":\"ImageObject\",\"@id\":\"http:\/\/ines-falak.from.hr\/#primaryimage\",\"inLanguage\":\"hr\",\"url\":\"http:\/\/ines-falak.from.hr\/files\/2019\/07\/ucimo-citati-i-pisat-TOi.jpg\",\"contentUrl\":\"http:\/\/ines-falak.from.hr\/files\/2019\/07\/ucimo-citati-i-pisat-TOi.jpg\"},{\"@type\":\"WebPage\",\"@id\":\"http:\/\/ines-falak.from.hr\/#webpage\",\"url\":\"http:\/\/ines-falak.from.hr\/\",\"name\":\"Naslovna - Potra\\u017ei, \\u010ditaj, ma\\u0161taj, istra\\u017ei, izra\\u010dunaj\",\"isPartOf\":{\"@id\":\"http:\/\/ines-falak.from.hr\/#website\"},\"primaryImageOfPage\":{\"@id\":\"http:\/\/ines-falak.from.hr\/#primaryimage\"},\"datePublished\":\"2014-08-07T17:59:34+00:00\",\"dateModified\":\"2022-02-18T11:13:14+00:00\",\"breadcrumb\":{\"@id\":\"http:\/\/ines-falak.from.hr\/#breadcrumb\"},\"inLanguage\":\"hr\",\"potentialAction\":[{\"@type\":\"ReadAction\",\"target\":[\"http:\/\/ines-falak.from.hr\/\"]}]},{\"@type\":\"BreadcrumbList\",\"@id\":\"http:\/\/ines-falak.from.hr\/#breadcrumb\",\"itemListElement\":[{\"@type\":\"ListItem\",\"position\":1,\"name\":\"Home\",\"item\":\"http:\/\/ines-falak.from.hr\/\"},{\"@type\":\"ListItem\",\"position\":2,\"name\":\"Naslovna\"}]}]}<\/script>\n<!-- \/ Yoast SEO plugin. -->","yoast_head_json":{"robots":{"index":"index","follow":"follow","max-snippet":"max-snippet:-1","max-image-preview":"max-image-preview:large","max-video-preview":"max-video-preview:-1"},"canonical":"http:\/\/ines-falak.from.hr\/","og_locale":"hr_HR","og_type":"article","og_title":"Naslovna - Potra\u017ei, \u010ditaj, ma\u0161taj, istra\u017ei, izra\u010dunaj","og_description":"&nbsp;","og_url":"http:\/\/ines-falak.from.hr\/","og_site_name":"Potra\u017ei, \u010ditaj, ma\u0161taj, istra\u017ei, izra\u010dunaj","article_modified_time":"2022-02-18T11:13:14+00:00","og_image":[{"url":"http:\/\/ines-falak.from.hr\/files\/2019\/07\/ucimo-citati-i-pisat-TOi.jpg"}],"twitter_card":"summary","twitter_misc":{"Procijenjeno vrijeme \u010ditanja":"2 minute"},"schema":{"@context":"https:\/\/schema.org","@graph":[{"@type":"WebSite","@id":"http:\/\/ines-falak.from.hr\/#website","url":"http:\/\/ines-falak.from.hr\/","name":"Potra\u017ei, \u010ditaj, ma\u0161taj, istra\u017ei, izra\u010dunaj","description":"- preporuke Ines Falak","potentialAction":[{"@type":"SearchAction","target":{"@type":"EntryPoint","urlTemplate":"http:\/\/ines-falak.from.hr\/?s={search_term_string}"},"query-input":"required name=search_term_string"}],"inLanguage":"hr"},{"@type":"ImageObject","@id":"http:\/\/ines-falak.from.hr\/#primaryimage","inLanguage":"hr","url":"http:\/\/ines-falak.from.hr\/files\/2019\/07\/ucimo-citati-i-pisat-TOi.jpg","contentUrl":"http:\/\/ines-falak.from.hr\/files\/2019\/07\/ucimo-citati-i-pisat-TOi.jpg"},{"@type":"WebPage","@id":"http:\/\/ines-falak.from.hr\/#webpage","url":"http:\/\/ines-falak.from.hr\/","name":"Naslovna - Potra\u017ei, \u010ditaj, ma\u0161taj, istra\u017ei, izra\u010dunaj","isPartOf":{"@id":"http:\/\/ines-falak.from.hr\/#website"},"primaryImageOfPage":{"@id":"http:\/\/ines-falak.from.hr\/#primaryimage"},"datePublished":"2014-08-07T17:59:34+00:00","dateModified":"2022-02-18T11:13:14+00:00","breadcrumb":{"@id":"http:\/\/ines-falak.from.hr\/#breadcrumb"},"inLanguage":"hr","potentialAction":[{"@type":"ReadAction","target":["http:\/\/ines-falak.from.hr\/"]}]},{"@type":"BreadcrumbList","@id":"http:\/\/ines-falak.from.hr\/#breadcrumb","itemListElement":[{"@type":"ListItem","position":1,"name":"Home","item":"http:\/\/ines-falak.from.hr\/"},{"@type":"ListItem","position":2,"name":"Naslovna"}]}]}},"_links":{"self":[{"href":"http:\/\/ines-falak.from.hr\/index.php?rest_route=\/wp\/v2\/pages\/2"}],"collection":[{"href":"http:\/\/ines-falak.from.hr\/index.php?rest_route=\/wp\/v2\/pages"}],"about":[{"href":"http:\/\/ines-falak.from.hr\/index.php?rest_route=\/wp\/v2\/types\/page"}],"author":[{"embeddable":true,"href":"http:\/\/ines-falak.from.hr\/index.php?rest_route=\/wp\/v2\/users\/1352"}],"replies":[{"embeddable":true,"href":"http:\/\/ines-falak.from.hr\/index.php?rest_route=%2Fwp%2Fv2%2Fcomments&post=2"}],"version-history":[{"count":123,"href":"http:\/\/ines-falak.from.hr\/index.php?rest_route=\/wp\/v2\/pages\/2\/revisions"}],"predecessor-version":[{"id":633,"href":"http:\/\/ines-falak.from.hr\/index.php?rest_route=\/wp\/v2\/pages\/2\/revisions\/633"}],"wp:attachment":[{"href":"http:\/\/ines-falak.from.hr\/index.php?rest_route=%2Fwp%2Fv2%2Fmedia&parent=2"}],"curies":[{"name":"wp","href":"https:\/\/api.w.org\/{rel}","templated":true}]}}