{"id":24,"date":"2014-08-08T09:08:42","date_gmt":"2014-08-08T09:08:42","guid":{"rendered":"http:\/\/ines-falak.from.hr\/?page_id=24"},"modified":"2022-02-07T12:27:27","modified_gmt":"2022-02-07T12:27:27","slug":"ucimo-citati-i-pisati","status":"publish","type":"page","link":"http:\/\/ines-falak.from.hr\/?page_id=24","title":{"rendered":"U\u010dimo \u010ditati i pisati"},"content":{"rendered":"<p><iframe loading=\"lazy\" title=\"Razvoj fine grafomotorike\" src=\"https:\/\/www.slideshare.net\/slideshow\/embed_code\/key\/qRmIqgKAUVnh0h\" width=\"476\" height=\"712\" frameborder=\"0\" marginwidth=\"0\" marginheight=\"0\" scrolling=\"no\" style=\"border:1px solid #CCC; border-width:1px; margin-bottom:5px; max-width: 100%;\" allowfullscreen> <\/iframe> <\/p>\n<div style=\"margin-bottom:5px\"> <strong> <a href=\"https:\/\/www.slideshare.net\/Ines2010\/razvoj-fine-grafomotorike-9112832\" title=\"Razvoj fine grafomotorike\" target=\"_blank\">Razvoj fine grafomotorike<\/a> <\/strong> from <strong><a href=\"https:\/\/www.slideshare.net\/Ines2010\" target=\"_blank\">Ines Falak<\/a><\/strong> <\/div>\n<p>&nbsp;<\/p>\n<p><iframe loading=\"lazy\" title=\"Globalno \u010ditanje\" src=\"https:\/\/www.slideshare.net\/slideshow\/embed_code\/key\/hXaqwyeJpZGOaC\" width=\"476\" height=\"712\" frameborder=\"0\" marginwidth=\"0\" marginheight=\"0\" scrolling=\"no\" style=\"border:1px solid #CCC; border-width:1px; margin-bottom:5px; max-width: 100%;\" allowfullscreen> <\/iframe> <\/p>\n<div style=\"margin-bottom:5px\"> <strong> <a href=\"https:\/\/www.slideshare.net\/Ines2010\/globalno-itanje\" title=\"Globalno \u010ditanje\" target=\"_blank\">Globalno \u010ditanje<\/a> <\/strong> from <strong><a href=\"https:\/\/www.slideshare.net\/Ines2010\" target=\"_blank\">Ines Falak<\/a><\/strong> <\/div>\n<p>&nbsp;<\/p>\n<p><iframe loading=\"lazy\" title=\"Glasovna analiti\u010dko - sinteti\u010dka metoda \u010ditanja\" src=\"https:\/\/www.slideshare.net\/slideshow\/embed_code\/key\/ffbb4RCbRoFuTZ\" width=\"476\" height=\"712\" frameborder=\"0\" marginwidth=\"0\" marginheight=\"0\" scrolling=\"no\" style=\"border:1px solid #CCC; border-width:1px; margin-bottom:5px; max-width: 100%;\" allowfullscreen> <\/iframe> <\/p>\n<div style=\"margin-bottom:5px\"> <strong> <a href=\"https:\/\/www.slideshare.net\/Ines2010\/glasovna-analitiko-sintetika-metoda-itanja\" title=\"Glasovna analiti\u010dko - sinteti\u010dka metoda \u010ditanja\" target=\"_blank\">Glasovna analiti\u010dko &#8211; sinteti\u010dka metoda \u010ditanja<\/a> <\/strong> from <strong><a href=\"https:\/\/www.slideshare.net\/Ines2010\" target=\"_blank\">Ines Falak<\/a><\/strong> <\/div>\n<hr>\n<p><span style=\"color: #148900\"><strong>Strategije \u010ditanja<\/strong><\/span><\/p>\n\n<!-- iframe plugin v.4.5 wordpress.org\/plugins\/iframe\/ -->\n<iframe src=\"http:\/\/ines-falak.from.hr\/files\/2022\/02\/0-strategija-citanje.pdf\" width=\"100%\" height=\"700\" scrolling=\"yes\" class=\"iframe-class\" frameborder=\"0\"><\/iframe>\n\n","protected":false},"excerpt":{"rendered":"<p>Razvoj fine grafomotorike from Ines Falak &nbsp; Globalno \u010ditanje from Ines Falak &nbsp; Glasovna analiti\u010dko &#8211; sinteti\u010dka metoda \u010ditanja from Ines Falak Strategije \u010ditanja<\/p>\n","protected":false},"author":1352,"featured_media":0,"parent":0,"menu_order":2,"comment_status":"closed","ping_status":"closed","template":"","meta":{"ngg_post_thumbnail":0},"yoast_head":"<!-- This site is optimized with the Yoast SEO plugin v17.5 - https:\/\/yoast.com\/wordpress\/plugins\/seo\/ -->\n<meta name=\"robots\" content=\"index, follow, max-snippet:-1, max-image-preview:large, max-video-preview:-1\" \/>\n<link rel=\"canonical\" href=\"http:\/\/ines-falak.from.hr\/?page_id=24\" \/>\n<meta property=\"og:locale\" content=\"hr_HR\" \/>\n<meta property=\"og:type\" content=\"article\" \/>\n<meta property=\"og:title\" content=\"U\u010dimo \u010ditati i pisati - Potra\u017ei, \u010ditaj, ma\u0161taj, istra\u017ei, izra\u010dunaj\" \/>\n<meta property=\"og:description\" content=\"Razvoj fine grafomotorike from Ines Falak &nbsp; Globalno \u010ditanje from Ines Falak &nbsp; Glasovna analiti\u010dko &#8211; sinteti\u010dka metoda \u010ditanja from Ines Falak Strategije \u010ditanja\" \/>\n<meta property=\"og:url\" content=\"http:\/\/ines-falak.from.hr\/?page_id=24\" \/>\n<meta property=\"og:site_name\" content=\"Potra\u017ei, \u010ditaj, ma\u0161taj, istra\u017ei, izra\u010dunaj\" \/>\n<meta property=\"article:modified_time\" content=\"2022-02-07T12:27:27+00:00\" \/>\n<meta name=\"twitter:card\" content=\"summary\" \/>\n<script type=\"application\/ld+json\" class=\"yoast-schema-graph\">{\"@context\":\"https:\/\/schema.org\",\"@graph\":[{\"@type\":\"WebSite\",\"@id\":\"http:\/\/ines-falak.from.hr\/#website\",\"url\":\"http:\/\/ines-falak.from.hr\/\",\"name\":\"Potra\\u017ei, \\u010ditaj, ma\\u0161taj, istra\\u017ei, izra\\u010dunaj\",\"description\":\"- preporuke Ines Falak\",\"potentialAction\":[{\"@type\":\"SearchAction\",\"target\":{\"@type\":\"EntryPoint\",\"urlTemplate\":\"http:\/\/ines-falak.from.hr\/?s={search_term_string}\"},\"query-input\":\"required name=search_term_string\"}],\"inLanguage\":\"hr\"},{\"@type\":\"WebPage\",\"@id\":\"http:\/\/ines-falak.from.hr\/?page_id=24#webpage\",\"url\":\"http:\/\/ines-falak.from.hr\/?page_id=24\",\"name\":\"U\\u010dimo \\u010ditati i pisati - Potra\\u017ei, \\u010ditaj, ma\\u0161taj, istra\\u017ei, izra\\u010dunaj\",\"isPartOf\":{\"@id\":\"http:\/\/ines-falak.from.hr\/#website\"},\"datePublished\":\"2014-08-08T09:08:42+00:00\",\"dateModified\":\"2022-02-07T12:27:27+00:00\",\"breadcrumb\":{\"@id\":\"http:\/\/ines-falak.from.hr\/?page_id=24#breadcrumb\"},\"inLanguage\":\"hr\",\"potentialAction\":[{\"@type\":\"ReadAction\",\"target\":[\"http:\/\/ines-falak.from.hr\/?page_id=24\"]}]},{\"@type\":\"BreadcrumbList\",\"@id\":\"http:\/\/ines-falak.from.hr\/?page_id=24#breadcrumb\",\"itemListElement\":[{\"@type\":\"ListItem\",\"position\":1,\"name\":\"Home\",\"item\":\"http:\/\/ines-falak.from.hr\/\"},{\"@type\":\"ListItem\",\"position\":2,\"name\":\"U\\u010dimo \\u010ditati i pisati\"}]}]}<\/script>\n<!-- \/ Yoast SEO plugin. -->","yoast_head_json":{"robots":{"index":"index","follow":"follow","max-snippet":"max-snippet:-1","max-image-preview":"max-image-preview:large","max-video-preview":"max-video-preview:-1"},"canonical":"http:\/\/ines-falak.from.hr\/?page_id=24","og_locale":"hr_HR","og_type":"article","og_title":"U\u010dimo \u010ditati i pisati - Potra\u017ei, \u010ditaj, ma\u0161taj, istra\u017ei, izra\u010dunaj","og_description":"Razvoj fine grafomotorike from Ines Falak &nbsp; Globalno \u010ditanje from Ines Falak &nbsp; Glasovna analiti\u010dko &#8211; sinteti\u010dka metoda \u010ditanja from Ines Falak Strategije \u010ditanja","og_url":"http:\/\/ines-falak.from.hr\/?page_id=24","og_site_name":"Potra\u017ei, \u010ditaj, ma\u0161taj, istra\u017ei, izra\u010dunaj","article_modified_time":"2022-02-07T12:27:27+00:00","twitter_card":"summary","schema":{"@context":"https:\/\/schema.org","@graph":[{"@type":"WebSite","@id":"http:\/\/ines-falak.from.hr\/#website","url":"http:\/\/ines-falak.from.hr\/","name":"Potra\u017ei, \u010ditaj, ma\u0161taj, istra\u017ei, izra\u010dunaj","description":"- preporuke Ines Falak","potentialAction":[{"@type":"SearchAction","target":{"@type":"EntryPoint","urlTemplate":"http:\/\/ines-falak.from.hr\/?s={search_term_string}"},"query-input":"required name=search_term_string"}],"inLanguage":"hr"},{"@type":"WebPage","@id":"http:\/\/ines-falak.from.hr\/?page_id=24#webpage","url":"http:\/\/ines-falak.from.hr\/?page_id=24","name":"U\u010dimo \u010ditati i pisati - Potra\u017ei, \u010ditaj, ma\u0161taj, istra\u017ei, izra\u010dunaj","isPartOf":{"@id":"http:\/\/ines-falak.from.hr\/#website"},"datePublished":"2014-08-08T09:08:42+00:00","dateModified":"2022-02-07T12:27:27+00:00","breadcrumb":{"@id":"http:\/\/ines-falak.from.hr\/?page_id=24#breadcrumb"},"inLanguage":"hr","potentialAction":[{"@type":"ReadAction","target":["http:\/\/ines-falak.from.hr\/?page_id=24"]}]},{"@type":"BreadcrumbList","@id":"http:\/\/ines-falak.from.hr\/?page_id=24#breadcrumb","itemListElement":[{"@type":"ListItem","position":1,"name":"Home","item":"http:\/\/ines-falak.from.hr\/"},{"@type":"ListItem","position":2,"name":"U\u010dimo \u010ditati i pisati"}]}]}},"_links":{"self":[{"href":"http:\/\/ines-falak.from.hr\/index.php?rest_route=\/wp\/v2\/pages\/24"}],"collection":[{"href":"http:\/\/ines-falak.from.hr\/index.php?rest_route=\/wp\/v2\/pages"}],"about":[{"href":"http:\/\/ines-falak.from.hr\/index.php?rest_route=\/wp\/v2\/types\/page"}],"author":[{"embeddable":true,"href":"http:\/\/ines-falak.from.hr\/index.php?rest_route=\/wp\/v2\/users\/1352"}],"replies":[{"embeddable":true,"href":"http:\/\/ines-falak.from.hr\/index.php?rest_route=%2Fwp%2Fv2%2Fcomments&post=24"}],"version-history":[{"count":12,"href":"http:\/\/ines-falak.from.hr\/index.php?rest_route=\/wp\/v2\/pages\/24\/revisions"}],"predecessor-version":[{"id":1053,"href":"http:\/\/ines-falak.from.hr\/index.php?rest_route=\/wp\/v2\/pages\/24\/revisions\/1053"}],"wp:attachment":[{"href":"http:\/\/ines-falak.from.hr\/index.php?rest_route=%2Fwp%2Fv2%2Fmedia&parent=24"}],"curies":[{"name":"wp","href":"https:\/\/api.w.org\/{rel}","templated":true}]}}