{"id":592,"date":"2019-07-28T16:50:21","date_gmt":"2019-07-28T16:50:21","guid":{"rendered":"http:\/\/ines-falak.from.hr\/?page_id=592"},"modified":"2019-10-25T13:55:01","modified_gmt":"2019-10-25T13:55:01","slug":"izreke","status":"publish","type":"page","link":"http:\/\/ines-falak.from.hr\/?page_id=592","title":{"rendered":"Rekli su o knjigama&#8230;"},"content":{"rendered":"<p><strong><a href=\"http:\/\/ines-falak.from.hr\/files\/2019\/07\/o-knjigama-za-web1.pdf\" target=\"_blank\">Rekli su o knjiga, \u010ditanju i pisanju&#8230; &#8211; I.<\/a><\/strong><\/p>\n\n<!-- iframe plugin v.4.5 wordpress.org\/plugins\/iframe\/ -->\n<iframe src=\"http:\/\/ines-falak.from.hr\/files\/2019\/07\/o-knjigama-za-web1.pdf\" width=\"100%\" height=\"700\" scrolling=\"yes\" class=\"iframe-class\" frameborder=\"0\"><\/iframe>\n\n<hr>\n<p><a href=\"http:\/\/ines-falak.from.hr\/files\/2019\/07\/o-knjigama-za-web2.pdf\" target=\"_blank\"><strong>Rekli su o knjiga, \u010ditanju i pisanju&#8230; &#8211; II.<\/strong><\/a><\/p>\n\n<!-- iframe plugin v.4.5 wordpress.org\/plugins\/iframe\/ -->\n<iframe src=\"http:\/\/ines-falak.from.hr\/files\/2019\/07\/o-knjigama-za-web2.pdf\" width=\"100%\" height=\"700\" scrolling=\"yes\" class=\"iframe-class\" frameborder=\"0\"><\/iframe>\n\n<hr>\n<p><a href=\"http:\/\/ines-falak.from.hr\/files\/2019\/07\/o-knjigama-za-web3.pdf\" target=\"_blank\"><strong>Rekli su o knjiga, \u010ditanju i pisanju&#8230; &#8211; III.<\/strong><\/a><\/p>\n\n<!-- iframe plugin v.4.5 wordpress.org\/plugins\/iframe\/ -->\n<iframe src=\"http:\/\/ines-falak.from.hr\/files\/2019\/07\/o-knjigama-za-web3.pdf\" width=\"100%\" height=\"700\" scrolling=\"yes\" class=\"iframe-class\" frameborder=\"0\"><\/iframe>\n\n<hr>\n<p><a href=\"http:\/\/ines-falak.from.hr\/files\/2019\/07\/o-knjigama-za-web4.pdf\" target=\"_blank\"><strong>Rekli su o knjiga, \u010ditanju i pisanju&#8230; &#8211; IV.<\/strong><\/a><\/p>\n\n<!-- iframe plugin v.4.5 wordpress.org\/plugins\/iframe\/ -->\n<iframe src=\"http:\/\/ines-falak.from.hr\/files\/2019\/07\/o-knjigama-za-web4.pdf\" width=\"100%\" height=\"700\" scrolling=\"yes\" class=\"iframe-class\" frameborder=\"0\"><\/iframe>\n\n<p>&nbsp;<\/p>\n","protected":false},"excerpt":{"rendered":"<p>Rekli su o knjiga, \u010ditanju i pisanju&#8230; &#8211; I. Rekli su o knjiga, \u010ditanju i pisanju&#8230; &#8211; II. Rekli su o knjiga, \u010ditanju i pisanju&#8230; &#8211; III. Rekli su o knjiga, \u010ditanju i pisanju&#8230; &#8211; IV. &nbsp;<\/p>\n","protected":false},"author":1352,"featured_media":0,"parent":0,"menu_order":3,"comment_status":"closed","ping_status":"closed","template":"","meta":{"ngg_post_thumbnail":0},"yoast_head":"<!-- This site is optimized with the Yoast SEO plugin v17.5 - https:\/\/yoast.com\/wordpress\/plugins\/seo\/ -->\n<meta name=\"robots\" content=\"index, follow, max-snippet:-1, max-image-preview:large, max-video-preview:-1\" \/>\n<link rel=\"canonical\" href=\"http:\/\/ines-falak.from.hr\/?page_id=592\" \/>\n<meta property=\"og:locale\" content=\"hr_HR\" \/>\n<meta property=\"og:type\" content=\"article\" \/>\n<meta property=\"og:title\" content=\"Rekli su o knjigama... - Potra\u017ei, \u010ditaj, ma\u0161taj, istra\u017ei, izra\u010dunaj\" \/>\n<meta property=\"og:description\" content=\"Rekli su o knjiga, \u010ditanju i pisanju&#8230; &#8211; I. Rekli su o knjiga, \u010ditanju i pisanju&#8230; &#8211; II. Rekli su o knjiga, \u010ditanju i pisanju&#8230; &#8211; III. Rekli su o knjiga, \u010ditanju i pisanju&#8230; &#8211; IV. &nbsp;\" \/>\n<meta property=\"og:url\" content=\"http:\/\/ines-falak.from.hr\/?page_id=592\" \/>\n<meta property=\"og:site_name\" content=\"Potra\u017ei, \u010ditaj, ma\u0161taj, istra\u017ei, izra\u010dunaj\" \/>\n<meta property=\"article:modified_time\" content=\"2019-10-25T13:55:01+00:00\" \/>\n<meta name=\"twitter:card\" content=\"summary\" \/>\n<script type=\"application\/ld+json\" class=\"yoast-schema-graph\">{\"@context\":\"https:\/\/schema.org\",\"@graph\":[{\"@type\":\"WebSite\",\"@id\":\"http:\/\/ines-falak.from.hr\/#website\",\"url\":\"http:\/\/ines-falak.from.hr\/\",\"name\":\"Potra\\u017ei, \\u010ditaj, ma\\u0161taj, istra\\u017ei, izra\\u010dunaj\",\"description\":\"- preporuke Ines Falak\",\"potentialAction\":[{\"@type\":\"SearchAction\",\"target\":{\"@type\":\"EntryPoint\",\"urlTemplate\":\"http:\/\/ines-falak.from.hr\/?s={search_term_string}\"},\"query-input\":\"required name=search_term_string\"}],\"inLanguage\":\"hr\"},{\"@type\":\"WebPage\",\"@id\":\"http:\/\/ines-falak.from.hr\/?page_id=592#webpage\",\"url\":\"http:\/\/ines-falak.from.hr\/?page_id=592\",\"name\":\"Rekli su o knjigama... - Potra\\u017ei, \\u010ditaj, ma\\u0161taj, istra\\u017ei, izra\\u010dunaj\",\"isPartOf\":{\"@id\":\"http:\/\/ines-falak.from.hr\/#website\"},\"datePublished\":\"2019-07-28T16:50:21+00:00\",\"dateModified\":\"2019-10-25T13:55:01+00:00\",\"breadcrumb\":{\"@id\":\"http:\/\/ines-falak.from.hr\/?page_id=592#breadcrumb\"},\"inLanguage\":\"hr\",\"potentialAction\":[{\"@type\":\"ReadAction\",\"target\":[\"http:\/\/ines-falak.from.hr\/?page_id=592\"]}]},{\"@type\":\"BreadcrumbList\",\"@id\":\"http:\/\/ines-falak.from.hr\/?page_id=592#breadcrumb\",\"itemListElement\":[{\"@type\":\"ListItem\",\"position\":1,\"name\":\"Home\",\"item\":\"http:\/\/ines-falak.from.hr\/\"},{\"@type\":\"ListItem\",\"position\":2,\"name\":\"Rekli su o knjigama&#8230;\"}]}]}<\/script>\n<!-- \/ Yoast SEO plugin. -->","yoast_head_json":{"robots":{"index":"index","follow":"follow","max-snippet":"max-snippet:-1","max-image-preview":"max-image-preview:large","max-video-preview":"max-video-preview:-1"},"canonical":"http:\/\/ines-falak.from.hr\/?page_id=592","og_locale":"hr_HR","og_type":"article","og_title":"Rekli su o knjigama... - Potra\u017ei, \u010ditaj, ma\u0161taj, istra\u017ei, izra\u010dunaj","og_description":"Rekli su o knjiga, \u010ditanju i pisanju&#8230; &#8211; I. Rekli su o knjiga, \u010ditanju i pisanju&#8230; &#8211; II. Rekli su o knjiga, \u010ditanju i pisanju&#8230; &#8211; III. Rekli su o knjiga, \u010ditanju i pisanju&#8230; &#8211; IV. &nbsp;","og_url":"http:\/\/ines-falak.from.hr\/?page_id=592","og_site_name":"Potra\u017ei, \u010ditaj, ma\u0161taj, istra\u017ei, izra\u010dunaj","article_modified_time":"2019-10-25T13:55:01+00:00","twitter_card":"summary","schema":{"@context":"https:\/\/schema.org","@graph":[{"@type":"WebSite","@id":"http:\/\/ines-falak.from.hr\/#website","url":"http:\/\/ines-falak.from.hr\/","name":"Potra\u017ei, \u010ditaj, ma\u0161taj, istra\u017ei, izra\u010dunaj","description":"- preporuke Ines Falak","potentialAction":[{"@type":"SearchAction","target":{"@type":"EntryPoint","urlTemplate":"http:\/\/ines-falak.from.hr\/?s={search_term_string}"},"query-input":"required name=search_term_string"}],"inLanguage":"hr"},{"@type":"WebPage","@id":"http:\/\/ines-falak.from.hr\/?page_id=592#webpage","url":"http:\/\/ines-falak.from.hr\/?page_id=592","name":"Rekli su o knjigama... - Potra\u017ei, \u010ditaj, ma\u0161taj, istra\u017ei, izra\u010dunaj","isPartOf":{"@id":"http:\/\/ines-falak.from.hr\/#website"},"datePublished":"2019-07-28T16:50:21+00:00","dateModified":"2019-10-25T13:55:01+00:00","breadcrumb":{"@id":"http:\/\/ines-falak.from.hr\/?page_id=592#breadcrumb"},"inLanguage":"hr","potentialAction":[{"@type":"ReadAction","target":["http:\/\/ines-falak.from.hr\/?page_id=592"]}]},{"@type":"BreadcrumbList","@id":"http:\/\/ines-falak.from.hr\/?page_id=592#breadcrumb","itemListElement":[{"@type":"ListItem","position":1,"name":"Home","item":"http:\/\/ines-falak.from.hr\/"},{"@type":"ListItem","position":2,"name":"Rekli su o knjigama&#8230;"}]}]}},"_links":{"self":[{"href":"http:\/\/ines-falak.from.hr\/index.php?rest_route=\/wp\/v2\/pages\/592"}],"collection":[{"href":"http:\/\/ines-falak.from.hr\/index.php?rest_route=\/wp\/v2\/pages"}],"about":[{"href":"http:\/\/ines-falak.from.hr\/index.php?rest_route=\/wp\/v2\/types\/page"}],"author":[{"embeddable":true,"href":"http:\/\/ines-falak.from.hr\/index.php?rest_route=\/wp\/v2\/users\/1352"}],"replies":[{"embeddable":true,"href":"http:\/\/ines-falak.from.hr\/index.php?rest_route=%2Fwp%2Fv2%2Fcomments&post=592"}],"version-history":[{"count":57,"href":"http:\/\/ines-falak.from.hr\/index.php?rest_route=\/wp\/v2\/pages\/592\/revisions"}],"predecessor-version":[{"id":919,"href":"http:\/\/ines-falak.from.hr\/index.php?rest_route=\/wp\/v2\/pages\/592\/revisions\/919"}],"wp:attachment":[{"href":"http:\/\/ines-falak.from.hr\/index.php?rest_route=%2Fwp%2Fv2%2Fmedia&parent=592"}],"curies":[{"name":"wp","href":"https:\/\/api.w.org\/{rel}","templated":true}]}}