{"id":595,"date":"2019-07-28T17:03:13","date_gmt":"2019-07-28T17:03:13","guid":{"rendered":"http:\/\/ines-falak.from.hr\/?page_id=595"},"modified":"2019-08-15T16:16:28","modified_gmt":"2019-08-15T16:16:28","slug":"izaberi","status":"publish","type":"page","link":"http:\/\/ines-falak.from.hr\/?page_id=595","title":{"rendered":"Izaberi"},"content":{"rendered":"<table border=\"0\" width=\"200\">\n<tbody>\n<tr>\n<td>&nbsp;<a href=\"http:\/\/ines-falak.from.hr\/?page_id=806\"><img loading=\"lazy\" class=\"alignnone size-full wp-image-800\" src=\"http:\/\/ines-falak.from.hr\/files\/2019\/07\/okvir-\u017euti-200x100-obitelj.jpg\" alt=\"\" width=\"200\" height=\"100\" border=\"0\"><\/a><\/td>\n<td>&nbsp;<a href=\"http:\/\/ines-falak.from.hr\/?page_id=808\"><img loading=\"lazy\" class=\"alignnone size-full wp-image-798\" src=\"http:\/\/ines-falak.from.hr\/files\/2019\/07\/okvir-\u017euti-200x100.jpg\" alt=\"\" width=\"200\" height=\"100\" border=\"0\"><\/a><\/td>\n<td>&nbsp;<\/td>\n<\/tr>\n<tr>\n<td>&nbsp;<\/td>\n<td>&nbsp;<\/td>\n<\/tr>\n<\/tbody>\n<\/table>\n<p>&nbsp;<\/p>\n<p>&nbsp;<\/p>\n","protected":false},"excerpt":{"rendered":"<p>&nbsp; &nbsp; &nbsp; &nbsp; &nbsp; &nbsp; &nbsp;<\/p>\n","protected":false},"author":1352,"featured_media":0,"parent":0,"menu_order":4,"comment_status":"closed","ping_status":"closed","template":"","meta":{"ngg_post_thumbnail":0},"yoast_head":"<!-- This site is optimized with the Yoast SEO plugin v17.5 - https:\/\/yoast.com\/wordpress\/plugins\/seo\/ -->\n<meta name=\"robots\" content=\"index, follow, max-snippet:-1, max-image-preview:large, max-video-preview:-1\" \/>\n<link rel=\"canonical\" href=\"http:\/\/ines-falak.from.hr\/?page_id=595\" \/>\n<meta property=\"og:locale\" content=\"hr_HR\" \/>\n<meta property=\"og:type\" content=\"article\" \/>\n<meta property=\"og:title\" content=\"Izaberi - Potra\u017ei, \u010ditaj, ma\u0161taj, istra\u017ei, izra\u010dunaj\" \/>\n<meta property=\"og:description\" content=\"&nbsp; &nbsp; &nbsp; &nbsp; &nbsp; &nbsp; &nbsp;\" \/>\n<meta property=\"og:url\" content=\"http:\/\/ines-falak.from.hr\/?page_id=595\" \/>\n<meta property=\"og:site_name\" content=\"Potra\u017ei, \u010ditaj, ma\u0161taj, istra\u017ei, izra\u010dunaj\" \/>\n<meta property=\"article:modified_time\" content=\"2019-08-15T16:16:28+00:00\" \/>\n<meta property=\"og:image\" content=\"http:\/\/ines-falak.from.hr\/files\/2019\/07\/okvir-\u017euti-200x100-obitelj.jpg\" \/>\n<meta name=\"twitter:card\" content=\"summary\" \/>\n<script type=\"application\/ld+json\" class=\"yoast-schema-graph\">{\"@context\":\"https:\/\/schema.org\",\"@graph\":[{\"@type\":\"WebSite\",\"@id\":\"http:\/\/ines-falak.from.hr\/#website\",\"url\":\"http:\/\/ines-falak.from.hr\/\",\"name\":\"Potra\\u017ei, \\u010ditaj, ma\\u0161taj, istra\\u017ei, izra\\u010dunaj\",\"description\":\"- preporuke Ines Falak\",\"potentialAction\":[{\"@type\":\"SearchAction\",\"target\":{\"@type\":\"EntryPoint\",\"urlTemplate\":\"http:\/\/ines-falak.from.hr\/?s={search_term_string}\"},\"query-input\":\"required name=search_term_string\"}],\"inLanguage\":\"hr\"},{\"@type\":\"ImageObject\",\"@id\":\"http:\/\/ines-falak.from.hr\/?page_id=595#primaryimage\",\"inLanguage\":\"hr\",\"url\":\"http:\/\/ines-falak.from.hr\/files\/2019\/07\/okvir-\\u017euti-200x100-obitelj.jpg\",\"contentUrl\":\"http:\/\/ines-falak.from.hr\/files\/2019\/07\/okvir-\\u017euti-200x100-obitelj.jpg\"},{\"@type\":\"WebPage\",\"@id\":\"http:\/\/ines-falak.from.hr\/?page_id=595#webpage\",\"url\":\"http:\/\/ines-falak.from.hr\/?page_id=595\",\"name\":\"Izaberi - Potra\\u017ei, \\u010ditaj, ma\\u0161taj, istra\\u017ei, izra\\u010dunaj\",\"isPartOf\":{\"@id\":\"http:\/\/ines-falak.from.hr\/#website\"},\"primaryImageOfPage\":{\"@id\":\"http:\/\/ines-falak.from.hr\/?page_id=595#primaryimage\"},\"datePublished\":\"2019-07-28T17:03:13+00:00\",\"dateModified\":\"2019-08-15T16:16:28+00:00\",\"breadcrumb\":{\"@id\":\"http:\/\/ines-falak.from.hr\/?page_id=595#breadcrumb\"},\"inLanguage\":\"hr\",\"potentialAction\":[{\"@type\":\"ReadAction\",\"target\":[\"http:\/\/ines-falak.from.hr\/?page_id=595\"]}]},{\"@type\":\"BreadcrumbList\",\"@id\":\"http:\/\/ines-falak.from.hr\/?page_id=595#breadcrumb\",\"itemListElement\":[{\"@type\":\"ListItem\",\"position\":1,\"name\":\"Home\",\"item\":\"http:\/\/ines-falak.from.hr\/\"},{\"@type\":\"ListItem\",\"position\":2,\"name\":\"Izaberi\"}]}]}<\/script>\n<!-- \/ Yoast SEO plugin. -->","yoast_head_json":{"robots":{"index":"index","follow":"follow","max-snippet":"max-snippet:-1","max-image-preview":"max-image-preview:large","max-video-preview":"max-video-preview:-1"},"canonical":"http:\/\/ines-falak.from.hr\/?page_id=595","og_locale":"hr_HR","og_type":"article","og_title":"Izaberi - Potra\u017ei, \u010ditaj, ma\u0161taj, istra\u017ei, izra\u010dunaj","og_description":"&nbsp; &nbsp; &nbsp; &nbsp; &nbsp; &nbsp; &nbsp;","og_url":"http:\/\/ines-falak.from.hr\/?page_id=595","og_site_name":"Potra\u017ei, \u010ditaj, ma\u0161taj, istra\u017ei, izra\u010dunaj","article_modified_time":"2019-08-15T16:16:28+00:00","og_image":[{"url":"http:\/\/ines-falak.from.hr\/files\/2019\/07\/okvir-\u017euti-200x100-obitelj.jpg"}],"twitter_card":"summary","schema":{"@context":"https:\/\/schema.org","@graph":[{"@type":"WebSite","@id":"http:\/\/ines-falak.from.hr\/#website","url":"http:\/\/ines-falak.from.hr\/","name":"Potra\u017ei, \u010ditaj, ma\u0161taj, istra\u017ei, izra\u010dunaj","description":"- preporuke Ines Falak","potentialAction":[{"@type":"SearchAction","target":{"@type":"EntryPoint","urlTemplate":"http:\/\/ines-falak.from.hr\/?s={search_term_string}"},"query-input":"required name=search_term_string"}],"inLanguage":"hr"},{"@type":"ImageObject","@id":"http:\/\/ines-falak.from.hr\/?page_id=595#primaryimage","inLanguage":"hr","url":"http:\/\/ines-falak.from.hr\/files\/2019\/07\/okvir-\u017euti-200x100-obitelj.jpg","contentUrl":"http:\/\/ines-falak.from.hr\/files\/2019\/07\/okvir-\u017euti-200x100-obitelj.jpg"},{"@type":"WebPage","@id":"http:\/\/ines-falak.from.hr\/?page_id=595#webpage","url":"http:\/\/ines-falak.from.hr\/?page_id=595","name":"Izaberi - Potra\u017ei, \u010ditaj, ma\u0161taj, istra\u017ei, izra\u010dunaj","isPartOf":{"@id":"http:\/\/ines-falak.from.hr\/#website"},"primaryImageOfPage":{"@id":"http:\/\/ines-falak.from.hr\/?page_id=595#primaryimage"},"datePublished":"2019-07-28T17:03:13+00:00","dateModified":"2019-08-15T16:16:28+00:00","breadcrumb":{"@id":"http:\/\/ines-falak.from.hr\/?page_id=595#breadcrumb"},"inLanguage":"hr","potentialAction":[{"@type":"ReadAction","target":["http:\/\/ines-falak.from.hr\/?page_id=595"]}]},{"@type":"BreadcrumbList","@id":"http:\/\/ines-falak.from.hr\/?page_id=595#breadcrumb","itemListElement":[{"@type":"ListItem","position":1,"name":"Home","item":"http:\/\/ines-falak.from.hr\/"},{"@type":"ListItem","position":2,"name":"Izaberi"}]}]}},"_links":{"self":[{"href":"http:\/\/ines-falak.from.hr\/index.php?rest_route=\/wp\/v2\/pages\/595"}],"collection":[{"href":"http:\/\/ines-falak.from.hr\/index.php?rest_route=\/wp\/v2\/pages"}],"about":[{"href":"http:\/\/ines-falak.from.hr\/index.php?rest_route=\/wp\/v2\/types\/page"}],"author":[{"embeddable":true,"href":"http:\/\/ines-falak.from.hr\/index.php?rest_route=\/wp\/v2\/users\/1352"}],"replies":[{"embeddable":true,"href":"http:\/\/ines-falak.from.hr\/index.php?rest_route=%2Fwp%2Fv2%2Fcomments&post=595"}],"version-history":[{"count":9,"href":"http:\/\/ines-falak.from.hr\/index.php?rest_route=\/wp\/v2\/pages\/595\/revisions"}],"predecessor-version":[{"id":811,"href":"http:\/\/ines-falak.from.hr\/index.php?rest_route=\/wp\/v2\/pages\/595\/revisions\/811"}],"wp:attachment":[{"href":"http:\/\/ines-falak.from.hr\/index.php?rest_route=%2Fwp%2Fv2%2Fmedia&parent=595"}],"curies":[{"name":"wp","href":"https:\/\/api.w.org\/{rel}","templated":true}]}}