{"id":598,"date":"2019-07-28T17:03:37","date_gmt":"2019-07-28T17:03:37","guid":{"rendered":"http:\/\/ines-falak.from.hr\/?page_id=598"},"modified":"2022-10-20T09:08:39","modified_gmt":"2022-10-20T09:08:39","slug":"mastaj","status":"publish","type":"page","link":"http:\/\/ines-falak.from.hr\/?page_id=598","title":{"rendered":"Ma\u0161taj, rije\u0161i, stvaraj&#8230;"},"content":{"rendered":"<p><a href=\"http:\/\/ines-falak.from.hr\/files\/2022\/10\/Dan-mlijeka.pdf\" target=\"_blank\" rel=\"noopener\"><strong>Dan mlijeka<\/strong><\/a><\/p>\n<p><a href=\"http:\/\/ines-falak.from.hr\/files\/2022\/10\/cudesni-svijet-znanja-domace-zivotinje.jpg\"><img loading=\"lazy\" class=\"aligncenter wp-image-1242 size-thumbnail\" src=\"http:\/\/ines-falak.from.hr\/files\/2022\/10\/cudesni-svijet-znanja-domace-zivotinje-150x150.jpg\" alt=\"\" width=\"150\" height=\"150\"><\/a><\/p>\n<p><a href=\"http:\/\/ines-falak.from.hr\/files\/2022\/10\/Dan-mlijeka.pdf\">\n<!-- iframe plugin v.4.5 wordpress.org\/plugins\/iframe\/ -->\n<iframe src=\"http:\/\/ines-falak.from.hr\/files\/2022\/10\/Dan-mlijeka.pdf\" width=\"100%\" height=\"700\" scrolling=\"yes\" class=\"iframe-class\" frameborder=\"0\"><\/iframe>\n<\/a><\/p>\n<hr>\n<p><a href=\"http:\/\/ines-falak.from.hr\/files\/2022\/10\/dan-kruha-.pdf\" target=\"_blank\" rel=\"noopener\"><strong><em>Dani kruha \u2013 dani zahvalnosti za plodove zemlje<\/em><\/strong><\/a><\/p>\n<p><a href=\"http:\/\/ines-falak.from.hr\/files\/2022\/10\/Vrijedne-ruke.jpg\"><img loading=\"lazy\" class=\"wp-image-1234 size-thumbnail aligncenter\" src=\"http:\/\/ines-falak.from.hr\/files\/2022\/10\/Vrijedne-ruke-150x150.jpg\" alt=\"\" width=\"150\" height=\"150\"><\/a><br \/>\n<a href=\"http:\/\/ines-falak.from.hr\/files\/2022\/10\/Vrijedne-ruke.jpg\">\n<!-- iframe plugin v.4.5 wordpress.org\/plugins\/iframe\/ -->\n<iframe src=\"http:\/\/ines-falak.from.hr\/files\/2022\/10\/dan-kruha-.pdf\" width=\"100%\" height=\"700\" scrolling=\"yes\" class=\"iframe-class\" frameborder=\"0\"><\/iframe>\n<\/a><\/p>\n<hr>\n<p><a href=\"http:\/\/ines-falak.from.hr\/files\/2022\/10\/Djedovi-i-bake.pdf\" target=\"_blank\" rel=\"noopener\"><strong>Djedovi i bake<\/strong><\/a><\/p>\n<p style=\"text-align: center\"><a href=\"http:\/\/ines-falak.from.hr\/files\/2022\/10\/moji-dragi-djed-i-baka.jpg\"><img loading=\"lazy\" class=\"alignnone wp-image-1228 size-thumbnail\" src=\"http:\/\/ines-falak.from.hr\/files\/2022\/10\/moji-dragi-djed-i-baka-150x150.jpg\" alt=\"\" width=\"150\" height=\"150\"><\/a>&nbsp;<\/p>\n\n<!-- iframe plugin v.4.5 wordpress.org\/plugins\/iframe\/ -->\n<iframe src=\"http:\/\/ines-falak.from.hr\/files\/2022\/10\/Djedovi-i-bake.pdf\" width=\"100%\" height=\"400\" scrolling=\"yes\" class=\"iframe-class\" frameborder=\"0\"><\/iframe>\n\n<hr>\n<p><a href=\"http:\/\/ines-falak.from.hr\/files\/2022\/06\/68-Sportski-dan-L.pdf\" target=\"_blank\" rel=\"noopener\"><strong>Sportski dan<\/strong><\/a><\/p>\n<p style=\"text-align: center\"><a href=\"http:\/\/ines-falak.from.hr\/files\/2022\/06\/Ana-i-sport.jpg\">&nbsp;<\/a><a href=\"http:\/\/ines-falak.from.hr\/files\/2022\/06\/Ana-i-sport.jpg\"><img loading=\"lazy\" class=\"alignnone wp-image-1220 size-thumbnail\" src=\"http:\/\/ines-falak.from.hr\/files\/2022\/06\/Ana-i-sport-150x150.jpg\" alt=\"\" width=\"150\" height=\"150\"><\/a> &nbsp;<a href=\"http:\/\/ines-falak.from.hr\/files\/2022\/06\/Zivot-je-gimnastika.jpg\"><img loading=\"lazy\" class=\"alignnone wp-image-1221 size-thumbnail\" src=\"http:\/\/ines-falak.from.hr\/files\/2022\/06\/Zivot-je-gimnastika-150x150.jpg\" alt=\"\" width=\"150\" height=\"150\"><\/a><\/p>\n\n<!-- iframe plugin v.4.5 wordpress.org\/plugins\/iframe\/ -->\n<iframe src=\"http:\/\/ines-falak.from.hr\/files\/2022\/06\/68-Sportski-dan-L.pdf\" width=\"100%\" height=\"700\" scrolling=\"yes\" class=\"iframe-class\" frameborder=\"0\"><\/iframe>\n\n<hr>\n<p><a href=\"http:\/\/ines-falak.from.hr\/files\/2022\/04\/Dvije-kante-za-smece.jpg\"><img loading=\"lazy\" class=\"alignnone wp-image-1212 size-thumbnail aligncenter\" src=\"http:\/\/ines-falak.from.hr\/files\/2022\/04\/Dvije-kante-za-smece-150x150.jpg\" alt=\"\" width=\"150\" height=\"150\"><\/a><\/p>\n<p><a href=\"http:\/\/ines-falak.from.hr\/files\/2022\/04\/Dan-planetaN.pdf\" target=\"_blank\" rel=\"noopener\"><strong>Dan planeta Zemlje<\/strong><\/a><\/p>\n\n<!-- iframe plugin v.4.5 wordpress.org\/plugins\/iframe\/ -->\n<iframe src=\"http:\/\/ines-falak.from.hr\/files\/2022\/04\/Dan-planetaN.pdf\" width=\"100%\" height=\"700\" scrolling=\"yes\" class=\"iframe-class\" frameborder=\"0\"><\/iframe>\n\n<hr>\n<p style=\"text-align: center\"><a href=\"http:\/\/ines-falak.from.hr\/files\/2022\/04\/Godisnja-doba-naslovnica.jpg\"><img loading=\"lazy\" class=\"alignnone size-full wp-image-1213\" src=\"http:\/\/ines-falak.from.hr\/files\/2022\/04\/Godisnja-doba-naslovnica.jpg\" alt=\"\" width=\"126\" height=\"176\"><\/a><\/p>\n<p><a href=\"http:\/\/ines-falak.from.hr\/files\/2022\/04\/Proljetni-praznici.pdf\" target=\"_blank\" rel=\"noopener\"><strong>Proljetni praznici<\/strong><\/a><\/p>\n\n<!-- iframe plugin v.4.5 wordpress.org\/plugins\/iframe\/ -->\n<iframe src=\"http:\/\/ines-falak.from.hr\/files\/2022\/04\/Proljetni-praznici.pdf\" width=\"100%\" height=\"700\" scrolling=\"yes\" class=\"iframe-class\" frameborder=\"0\"><\/iframe>\n\n<hr>\n<p style=\"text-align: center\"><a href=\"http:\/\/ines-falak.from.hr\/files\/2022\/03\/SnjeguljicaV.jpg\"><img loading=\"lazy\" class=\"alignnone wp-image-1202 size-thumbnail\" src=\"http:\/\/ines-falak.from.hr\/files\/2022\/03\/SnjeguljicaV-150x150.jpg\" alt=\"\" width=\"150\" height=\"150\"><\/a> <a href=\"http:\/\/ines-falak.from.hr\/files\/2022\/03\/snjeguljica-2.jpg\"><img loading=\"lazy\" class=\"alignnone wp-image-1201 size-thumbnail\" src=\"http:\/\/ines-falak.from.hr\/files\/2022\/03\/snjeguljica-2-150x150.jpg\" alt=\"\" width=\"150\" height=\"150\"><\/a><\/p>\n<p><strong><a href=\"http:\/\/ines-falak.from.hr\/files\/2022\/03\/Snjeguljica.pdf\" target=\"_blank\" rel=\"noopener\">U\u010dimo o broju 7<\/a><\/strong><\/p>\n\n<!-- iframe plugin v.4.5 wordpress.org\/plugins\/iframe\/ -->\n<iframe src=\"http:\/\/ines-falak.from.hr\/files\/2022\/03\/Snjeguljica.pdf\" width=\"100%\" height=\"700\" scrolling=\"yes\" class=\"iframe-class\" frameborder=\"0\"><\/iframe>\n\n<hr>\n<p><strong><a href=\"http:\/\/ines-falak.from.hr\/files\/2022\/02\/Dan-materinjeg-jezika.pdf\" target=\"_blank\" rel=\"noopener\">Dan materinjeg jezika<\/a><\/strong><\/p>\n\n<!-- iframe plugin v.4.5 wordpress.org\/plugins\/iframe\/ -->\n<iframe src=\"http:\/\/ines-falak.from.hr\/files\/2022\/02\/Dan-materinjeg-jezika.pdf\" width=\"100%\" height=\"700\" scrolling=\"yes\" class=\"iframe-class\" frameborder=\"0\"><\/iframe>\n\n<hr>\n<p style=\"text-align: center\"><a href=\"http:\/\/ines-falak.from.hr\/files\/2022\/02\/Mala-snjezna-pahulja.jpg\"><img loading=\"lazy\" class=\"alignnone wp-image-1184 size-thumbnail\" src=\"http:\/\/ines-falak.from.hr\/files\/2022\/02\/Mala-snjezna-pahulja-150x150.jpg\" alt=\"\" width=\"150\" height=\"150\" srcset=\"http:\/\/ines-falak.from.hr\/files\/2022\/02\/Mala-snjezna-pahulja-150x150.jpg 150w, http:\/\/ines-falak.from.hr\/files\/2022\/02\/Mala-snjezna-pahulja.jpg 360w\" sizes=\"(max-width: 150px) 100vw, 150px\" \/><\/a> <a href=\"http:\/\/ines-falak.from.hr\/files\/2022\/02\/Vilinski_trik.jpg\"><img loading=\"lazy\" class=\"alignnone wp-image-1185 size-thumbnail\" src=\"http:\/\/ines-falak.from.hr\/files\/2022\/02\/Vilinski_trik-150x150.jpg\" alt=\"\" width=\"150\" height=\"150\"><\/a> <a href=\"http:\/\/ines-falak.from.hr\/files\/2022\/02\/kako-je-snijeg-pao.jpg\"><img loading=\"lazy\" class=\"alignnone wp-image-1183 size-thumbnail\" src=\"http:\/\/ines-falak.from.hr\/files\/2022\/02\/kako-je-snijeg-pao-150x150.jpg\" alt=\"\" width=\"150\" height=\"150\"><\/a> <a href=\"http:\/\/ines-falak.from.hr\/files\/2022\/02\/Carolije-snjezne-pahulje.jpg\"><img loading=\"lazy\" class=\"wp-image-1182 size-thumbnail alignnone\" src=\"http:\/\/ines-falak.from.hr\/files\/2022\/02\/Carolije-snjezne-pahulje-150x150.jpg\" alt=\"\" width=\"150\" height=\"150\"><\/a><\/p>\n<p><strong><a href=\"http:\/\/ines-falak.from.hr\/files\/2022\/02\/24-Glagoli-tekst-o-zimi.pdf\" target=\"_blank\" rel=\"noopener\">Glagoli tekst o zimi<\/a><\/strong><\/p>\n\n<!-- iframe plugin v.4.5 wordpress.org\/plugins\/iframe\/ -->\n<iframe src=\"http:\/\/ines-falak.from.hr\/files\/2022\/02\/24-Glagoli-tekst-o-zimi.pdf\" width=\"100%\" height=\"700\" scrolling=\"yes\" class=\"iframe-class\" frameborder=\"0\"><\/iframe>\n\n<hr>\n<p style=\"text-align: center\"><a href=\"http:\/\/ines-falak.from.hr\/files\/2022\/02\/znas-li-koliko-je-sati.jpg\"><img loading=\"lazy\" class=\"alignnone wp-image-1192 size-thumbnail\" src=\"http:\/\/ines-falak.from.hr\/files\/2022\/02\/znas-li-koliko-je-sati-150x150.jpg\" alt=\"\" width=\"150\" height=\"150\" srcset=\"http:\/\/ines-falak.from.hr\/files\/2022\/02\/znas-li-koliko-je-sati-150x150.jpg 150w, http:\/\/ines-falak.from.hr\/files\/2022\/02\/znas-li-koliko-je-sati-500x500.jpg 500w, http:\/\/ines-falak.from.hr\/files\/2022\/02\/znas-li-koliko-je-sati-768x768.jpg 768w, http:\/\/ines-falak.from.hr\/files\/2022\/02\/znas-li-koliko-je-sati.jpg 800w\" sizes=\"(max-width: 150px) 100vw, 150px\" \/><\/a> <a href=\"http:\/\/ines-falak.from.hr\/files\/2022\/02\/Za-minutu-mama.jpg\"><img loading=\"lazy\" class=\"alignnone wp-image-1191 size-thumbnail\" src=\"http:\/\/ines-falak.from.hr\/files\/2022\/02\/Za-minutu-mama-150x150.jpg\" alt=\"\" width=\"150\" height=\"150\"><\/a> <a href=\"http:\/\/ines-falak.from.hr\/files\/2022\/02\/Tomov-vremepolov.jpg\"><img loading=\"lazy\" class=\"alignnone wp-image-1190 size-thumbnail\" src=\"http:\/\/ines-falak.from.hr\/files\/2022\/02\/Tomov-vremepolov-150x150.jpg\" alt=\"\" width=\"150\" height=\"150\"><\/a> <a href=\"http:\/\/ines-falak.from.hr\/files\/2022\/02\/Gospodin-Ku-Ku.jpg\"><img loading=\"lazy\" class=\"alignnone wp-image-1189 size-thumbnail\" src=\"http:\/\/ines-falak.from.hr\/files\/2022\/02\/Gospodin-Ku-Ku-150x150.jpg\" alt=\"\" width=\"150\" height=\"150\"><\/a><\/p>\n<p><strong><a href=\"http:\/\/ines-falak.from.hr\/files\/2022\/02\/Igra-koncentracije-Ja-imam-tko-ima-Ura-kalendar.doc_.pdf\" target=\"_blank\" rel=\"noopener\">Igra asocijacije: pro\u0161lost, sada\u0161njost i budu\u0107nost<\/a><\/strong><\/p>\n\n<!-- iframe plugin v.4.5 wordpress.org\/plugins\/iframe\/ -->\n<iframe src=\"http:\/\/ines-falak.from.hr\/files\/2022\/02\/Igra-koncentracije-Ja-imam-tko-ima-Ura-kalendar.doc_.pdf\" width=\"100%\" height=\"700\" scrolling=\"yes\" class=\"iframe-class\" frameborder=\"0\"><\/iframe>\n\n<p><a href=\"https:\/\/docs.google.com\/presentation\/d\/1jHimtiX_nP20q-PiXi5k9Tc_RZdeVIGc\/edit?usp=sharing&amp;ouid=109452379021377503302&amp;rtpof=true&amp;sd=true\" target=\"_blank\" rel=\"noopener\"><strong>Preuzmi prezentaciju &#8211; Igra asocijacije: pro\u0161lost, sada\u0161njost i budu\u0107nost<\/strong><\/a><\/p>\n<p><strong><a href=\"https:\/\/drive.google.com\/file\/d\/1f7VvQ-iopFMq60ZPAlAPJD58XibJvZqd\/view?usp=sharing\">Video &#8211; prezentacije<\/a><\/strong><\/p>\n<hr>\n<p><a href=\"http:\/\/ines-falak.from.hr\/files\/2022\/02\/Zlatarevo-zlato-slikovnica.jpg\"><img loading=\"lazy\" class=\"alignnone wp-image-1194 size-thumbnail aligncenter\" src=\"http:\/\/ines-falak.from.hr\/files\/2022\/02\/Zlatarevo-zlato-slikovnica-150x150.jpg\" alt=\"\" width=\"150\" height=\"150\"><\/a><\/p>\n<p><a href=\"https:\/\/docs.google.com\/presentation\/d\/1Hf7ic32jIuGWKsSXZPyMWmCV7qMwjNnW\/edit?usp=sharing&amp;ouid=109452379021377503302&amp;rtpof=true&amp;sd=true\" target=\"_blank\" rel=\"noopener\"><strong>Prezentacija: Stari Zagreb &#8211; Zlatarevo zlato<\/strong><\/a><\/p>\n<p><a href=\"https:\/\/drive.google.com\/file\/d\/1eBn8NfpFRChCfnUQGUuBC5aemD0cOLqE\/view?usp=sharing\" target=\"_blank\" rel=\"noopener\"><strong>Video prezentacija<\/strong><\/a><\/p>\n<hr>\n<p style=\"text-align: center\"><a href=\"http:\/\/ines-falak.from.hr\/files\/2022\/02\/Laku-noc.jpg\"><img loading=\"lazy\" class=\"alignnone wp-image-1130\" src=\"http:\/\/ines-falak.from.hr\/files\/2022\/02\/Laku-noc.jpg\" alt=\"\" width=\"170\" height=\"176\"><\/a> <a href=\"http:\/\/ines-falak.from.hr\/files\/2022\/02\/dobro-jutro-laku-noc.jpg\"><img loading=\"lazy\" class=\"alignnone wp-image-1126\" src=\"http:\/\/ines-falak.from.hr\/files\/2022\/02\/dobro-jutro-laku-noc-372x500.jpg\" alt=\"\" width=\"150\" height=\"202\"><\/a><\/p>\n<p><strong><a href=\"http:\/\/ines-falak.from.hr\/files\/2022\/02\/Dan-i-noc.pdf\" target=\"_blank\" rel=\"noopener\">Dan i no\u0107<\/a><\/strong><\/p>\n\n<!-- iframe plugin v.4.5 wordpress.org\/plugins\/iframe\/ -->\n<iframe src=\"http:\/\/ines-falak.from.hr\/files\/2022\/02\/Dan-i-noc.pdf\" width=\"100%\" height=\"700\" scrolling=\"yes\" class=\"iframe-class\" frameborder=\"0\"><\/iframe>\n\n<hr>\n<p style=\"text-align: center\"><a href=\"http:\/\/ines-falak.from.hr\/files\/2022\/02\/ova-knjiga-misli-da-si-izumitelj.jpg\"><img loading=\"lazy\" class=\"alignnone wp-image-1127 size-thumbnail\" src=\"http:\/\/ines-falak.from.hr\/files\/2022\/02\/ova-knjiga-misli-da-si-izumitelj-150x150.jpg\" alt=\"\" width=\"150\" height=\"150\"><\/a> <a href=\"http:\/\/ines-falak.from.hr\/files\/2022\/02\/velicanstveni-izum.jpg\"><img loading=\"lazy\" class=\"alignnone wp-image-1128 size-thumbnail\" src=\"http:\/\/ines-falak.from.hr\/files\/2022\/02\/velicanstveni-izum-150x150.jpg\" alt=\"\" width=\"150\" height=\"150\" srcset=\"http:\/\/ines-falak.from.hr\/files\/2022\/02\/velicanstveni-izum-150x150.jpg 150w, http:\/\/ines-falak.from.hr\/files\/2022\/02\/velicanstveni-izum-500x500.jpg 500w, http:\/\/ines-falak.from.hr\/files\/2022\/02\/velicanstveni-izum-768x768.jpg 768w, http:\/\/ines-falak.from.hr\/files\/2022\/02\/velicanstveni-izum.jpg 1000w\" sizes=\"(max-width: 150px) 100vw, 150px\" \/><\/a><\/p>\n<p><strong><a href=\"http:\/\/ines-falak.from.hr\/files\/2022\/02\/Dan-izumitelja-moj-izum.pdf\" target=\"_blank\" rel=\"noopener\">Dan izumitelja &#8211; moj izum<\/a><\/strong><\/p>\n\n<!-- iframe plugin v.4.5 wordpress.org\/plugins\/iframe\/ -->\n<iframe src=\"http:\/\/ines-falak.from.hr\/files\/2022\/02\/Dan-izumitelja-moj-izum.pdf\" width=\"100%\" height=\"300\" scrolling=\"yes\" class=\"iframe-class\" frameborder=\"0\"><\/iframe>\n\n<hr>\n<p><a href=\"http:\/\/ines-falak.from.hr\/files\/2022\/02\/Fasnik-RL.pdf\" target=\"_blank\" rel=\"noopener\"><span style=\"color: #148900\"><strong>\u010citamo slikovnicu<br \/>\n&#8211; <\/strong><\/span><span style=\"color: #148900\"><strong>dovr\u0161i crte\u017e i ispri\u010daj svoju pri\u010du<\/strong><\/span><\/a><\/p>\n<p><a href=\"http:\/\/ines-falak.from.hr\/files\/2022\/02\/Fasnik-m.jpg\"><img loading=\"lazy\" class=\"wp-image-1030 size-thumbnail aligncenter\" src=\"http:\/\/ines-falak.from.hr\/files\/2022\/02\/Fasnik-m-150x150.jpg\" alt=\"\" width=\"150\" height=\"150\"><\/a><\/p>\n\n<!-- iframe plugin v.4.5 wordpress.org\/plugins\/iframe\/ -->\n<iframe src=\"http:\/\/ines-falak.from.hr\/files\/2022\/02\/Fasnik-RL.pdf\" width=\"100%\" height=\"300\" scrolling=\"yes\" class=\"iframe-class\" frameborder=\"0\"><\/iframe>\n\n<hr>\n<p><strong><span style=\"color: #148900\">\u010citamo slikovnicu &#8211;&nbsp;<\/span><\/strong><br \/>\n<strong><span style=\"color: #148900\">rije\u0161i zadatak<\/span><\/strong><\/p>\n<p><a href=\"http:\/\/ines-falak.from.hr\/files\/2022\/02\/Moji-novi-prijatelji.jpg\"><img loading=\"lazy\" class=\"wp-image-1034 size-thumbnail aligncenter\" src=\"http:\/\/ines-falak.from.hr\/files\/2022\/02\/Moji-novi-prijatelji-150x150.jpg\" alt=\"\" width=\"150\" height=\"150\"><\/a><\/p>\n\n<!-- iframe plugin v.4.5 wordpress.org\/plugins\/iframe\/ -->\n<iframe src=\"http:\/\/ines-falak.from.hr\/files\/2022\/02\/Prijatelji.pdf\" width=\"100%\" height=\"700\" scrolling=\"yes\" class=\"iframe-class\" frameborder=\"0\"><\/iframe>\n\n<hr>\n<p><a href=\"http:\/\/ines-falak.from.hr\/files\/2022\/02\/05-Knjiga-za-preporuku.pdf\" target=\"_blank\" rel=\"noopener\"><strong><span style=\"color: #148900\">Pro\u010ditao\/la sam &#8211; pro\u010ditaj i ti<\/span><\/strong><\/a><\/p>\n\n<!-- iframe plugin v.4.5 wordpress.org\/plugins\/iframe\/ -->\n<iframe src=\"http:\/\/ines-falak.from.hr\/files\/2022\/02\/05-Knjiga-za-preporuku.pdf\" width=\"100%\" height=\"400\" scrolling=\"yes\" class=\"iframe-class\" frameborder=\"0\"><\/iframe>\n\n","protected":false},"excerpt":{"rendered":"<p>Dan mlijeka Dani kruha \u2013 dani zahvalnosti za plodove zemlje Djedovi i bake &nbsp; Sportski dan &nbsp; &nbsp; Dan planeta Zemlje Proljetni praznici U\u010dimo o broju 7 Dan materinjeg jezika Glagoli tekst o zimi Igra asocijacije: pro\u0161lost, sada\u0161njost i budu\u0107nost Preuzmi prezentaciju &#8211; Igra asocijacije: pro\u0161lost, sada\u0161njost i budu\u0107nost Video &#8211; prezentacije Prezentacija: Stari Zagreb &hellip; <a href=\"http:\/\/ines-falak.from.hr\/?page_id=598\" class=\"more-link\">Nastavi \u010ditati <span class=\"screen-reader-text\">Ma\u0161taj, rije\u0161i, stvaraj&#8230;<\/span> <span class=\"meta-nav\">&rarr;<\/span><\/a><\/p>\n","protected":false},"author":1352,"featured_media":0,"parent":0,"menu_order":5,"comment_status":"closed","ping_status":"closed","template":"","meta":{"ngg_post_thumbnail":0},"yoast_head":"<!-- This site is optimized with the Yoast SEO plugin v17.5 - https:\/\/yoast.com\/wordpress\/plugins\/seo\/ -->\n<meta name=\"robots\" content=\"index, follow, max-snippet:-1, max-image-preview:large, max-video-preview:-1\" \/>\n<link rel=\"canonical\" href=\"http:\/\/ines-falak.from.hr\/?page_id=598\" \/>\n<meta property=\"og:locale\" content=\"hr_HR\" \/>\n<meta property=\"og:type\" content=\"article\" \/>\n<meta property=\"og:title\" content=\"Ma\u0161taj, rije\u0161i, stvaraj... - Potra\u017ei, \u010ditaj, ma\u0161taj, istra\u017ei, izra\u010dunaj\" \/>\n<meta property=\"og:description\" content=\"Dan mlijeka Dani kruha \u2013 dani zahvalnosti za plodove zemlje Djedovi i bake &nbsp; Sportski dan &nbsp; &nbsp; Dan planeta Zemlje Proljetni praznici U\u010dimo o broju 7 Dan materinjeg jezika Glagoli tekst o zimi Igra asocijacije: pro\u0161lost, sada\u0161njost i budu\u0107nost Preuzmi prezentaciju &#8211; Igra asocijacije: pro\u0161lost, sada\u0161njost i budu\u0107nost Video &#8211; prezentacije Prezentacija: Stari Zagreb &hellip; Nastavi \u010ditati Ma\u0161taj, rije\u0161i, stvaraj&#8230; &rarr;\" \/>\n<meta property=\"og:url\" content=\"http:\/\/ines-falak.from.hr\/?page_id=598\" \/>\n<meta property=\"og:site_name\" content=\"Potra\u017ei, \u010ditaj, ma\u0161taj, istra\u017ei, izra\u010dunaj\" \/>\n<meta property=\"article:modified_time\" content=\"2022-10-20T09:08:39+00:00\" \/>\n<meta property=\"og:image\" content=\"http:\/\/from.hr\/ines-falak\/files\/2022\/10\/cudesni-svijet-znanja-domace-zivotinje-150x150.jpg\" \/>\n<meta name=\"twitter:card\" content=\"summary\" \/>\n<meta name=\"twitter:label1\" content=\"Procijenjeno vrijeme \u010ditanja\" \/>\n\t<meta name=\"twitter:data1\" content=\"6 minuta\" \/>\n<script type=\"application\/ld+json\" class=\"yoast-schema-graph\">{\"@context\":\"https:\/\/schema.org\",\"@graph\":[{\"@type\":\"WebSite\",\"@id\":\"http:\/\/ines-falak.from.hr\/#website\",\"url\":\"http:\/\/ines-falak.from.hr\/\",\"name\":\"Potra\\u017ei, \\u010ditaj, ma\\u0161taj, istra\\u017ei, izra\\u010dunaj\",\"description\":\"- preporuke Ines Falak\",\"potentialAction\":[{\"@type\":\"SearchAction\",\"target\":{\"@type\":\"EntryPoint\",\"urlTemplate\":\"http:\/\/ines-falak.from.hr\/?s={search_term_string}\"},\"query-input\":\"required name=search_term_string\"}],\"inLanguage\":\"hr\"},{\"@type\":\"ImageObject\",\"@id\":\"http:\/\/ines-falak.from.hr\/?page_id=598#primaryimage\",\"inLanguage\":\"hr\",\"url\":\"http:\/\/from.hr\/ines-falak\/files\/2022\/10\/cudesni-svijet-znanja-domace-zivotinje-150x150.jpg\",\"contentUrl\":\"http:\/\/from.hr\/ines-falak\/files\/2022\/10\/cudesni-svijet-znanja-domace-zivotinje-150x150.jpg\"},{\"@type\":\"WebPage\",\"@id\":\"http:\/\/ines-falak.from.hr\/?page_id=598#webpage\",\"url\":\"http:\/\/ines-falak.from.hr\/?page_id=598\",\"name\":\"Ma\\u0161taj, rije\\u0161i, stvaraj... - Potra\\u017ei, \\u010ditaj, ma\\u0161taj, istra\\u017ei, izra\\u010dunaj\",\"isPartOf\":{\"@id\":\"http:\/\/ines-falak.from.hr\/#website\"},\"primaryImageOfPage\":{\"@id\":\"http:\/\/ines-falak.from.hr\/?page_id=598#primaryimage\"},\"datePublished\":\"2019-07-28T17:03:37+00:00\",\"dateModified\":\"2022-10-20T09:08:39+00:00\",\"breadcrumb\":{\"@id\":\"http:\/\/ines-falak.from.hr\/?page_id=598#breadcrumb\"},\"inLanguage\":\"hr\",\"potentialAction\":[{\"@type\":\"ReadAction\",\"target\":[\"http:\/\/ines-falak.from.hr\/?page_id=598\"]}]},{\"@type\":\"BreadcrumbList\",\"@id\":\"http:\/\/ines-falak.from.hr\/?page_id=598#breadcrumb\",\"itemListElement\":[{\"@type\":\"ListItem\",\"position\":1,\"name\":\"Home\",\"item\":\"http:\/\/ines-falak.from.hr\/\"},{\"@type\":\"ListItem\",\"position\":2,\"name\":\"Ma\\u0161taj, rije\\u0161i, stvaraj&#8230;\"}]}]}<\/script>\n<!-- \/ Yoast SEO plugin. -->","yoast_head_json":{"robots":{"index":"index","follow":"follow","max-snippet":"max-snippet:-1","max-image-preview":"max-image-preview:large","max-video-preview":"max-video-preview:-1"},"canonical":"http:\/\/ines-falak.from.hr\/?page_id=598","og_locale":"hr_HR","og_type":"article","og_title":"Ma\u0161taj, rije\u0161i, stvaraj... - Potra\u017ei, \u010ditaj, ma\u0161taj, istra\u017ei, izra\u010dunaj","og_description":"Dan mlijeka Dani kruha \u2013 dani zahvalnosti za plodove zemlje Djedovi i bake &nbsp; Sportski dan &nbsp; &nbsp; Dan planeta Zemlje Proljetni praznici U\u010dimo o broju 7 Dan materinjeg jezika Glagoli tekst o zimi Igra asocijacije: pro\u0161lost, sada\u0161njost i budu\u0107nost Preuzmi prezentaciju &#8211; Igra asocijacije: pro\u0161lost, sada\u0161njost i budu\u0107nost Video &#8211; prezentacije Prezentacija: Stari Zagreb &hellip; Nastavi \u010ditati Ma\u0161taj, rije\u0161i, stvaraj&#8230; &rarr;","og_url":"http:\/\/ines-falak.from.hr\/?page_id=598","og_site_name":"Potra\u017ei, \u010ditaj, ma\u0161taj, istra\u017ei, izra\u010dunaj","article_modified_time":"2022-10-20T09:08:39+00:00","og_image":[{"url":"http:\/\/from.hr\/ines-falak\/files\/2022\/10\/cudesni-svijet-znanja-domace-zivotinje-150x150.jpg"}],"twitter_card":"summary","twitter_misc":{"Procijenjeno vrijeme \u010ditanja":"6 minuta"},"schema":{"@context":"https:\/\/schema.org","@graph":[{"@type":"WebSite","@id":"http:\/\/ines-falak.from.hr\/#website","url":"http:\/\/ines-falak.from.hr\/","name":"Potra\u017ei, \u010ditaj, ma\u0161taj, istra\u017ei, izra\u010dunaj","description":"- preporuke Ines Falak","potentialAction":[{"@type":"SearchAction","target":{"@type":"EntryPoint","urlTemplate":"http:\/\/ines-falak.from.hr\/?s={search_term_string}"},"query-input":"required name=search_term_string"}],"inLanguage":"hr"},{"@type":"ImageObject","@id":"http:\/\/ines-falak.from.hr\/?page_id=598#primaryimage","inLanguage":"hr","url":"http:\/\/from.hr\/ines-falak\/files\/2022\/10\/cudesni-svijet-znanja-domace-zivotinje-150x150.jpg","contentUrl":"http:\/\/from.hr\/ines-falak\/files\/2022\/10\/cudesni-svijet-znanja-domace-zivotinje-150x150.jpg"},{"@type":"WebPage","@id":"http:\/\/ines-falak.from.hr\/?page_id=598#webpage","url":"http:\/\/ines-falak.from.hr\/?page_id=598","name":"Ma\u0161taj, rije\u0161i, stvaraj... - Potra\u017ei, \u010ditaj, ma\u0161taj, istra\u017ei, izra\u010dunaj","isPartOf":{"@id":"http:\/\/ines-falak.from.hr\/#website"},"primaryImageOfPage":{"@id":"http:\/\/ines-falak.from.hr\/?page_id=598#primaryimage"},"datePublished":"2019-07-28T17:03:37+00:00","dateModified":"2022-10-20T09:08:39+00:00","breadcrumb":{"@id":"http:\/\/ines-falak.from.hr\/?page_id=598#breadcrumb"},"inLanguage":"hr","potentialAction":[{"@type":"ReadAction","target":["http:\/\/ines-falak.from.hr\/?page_id=598"]}]},{"@type":"BreadcrumbList","@id":"http:\/\/ines-falak.from.hr\/?page_id=598#breadcrumb","itemListElement":[{"@type":"ListItem","position":1,"name":"Home","item":"http:\/\/ines-falak.from.hr\/"},{"@type":"ListItem","position":2,"name":"Ma\u0161taj, rije\u0161i, stvaraj&#8230;"}]}]}},"_links":{"self":[{"href":"http:\/\/ines-falak.from.hr\/index.php?rest_route=\/wp\/v2\/pages\/598"}],"collection":[{"href":"http:\/\/ines-falak.from.hr\/index.php?rest_route=\/wp\/v2\/pages"}],"about":[{"href":"http:\/\/ines-falak.from.hr\/index.php?rest_route=\/wp\/v2\/types\/page"}],"author":[{"embeddable":true,"href":"http:\/\/ines-falak.from.hr\/index.php?rest_route=\/wp\/v2\/users\/1352"}],"replies":[{"embeddable":true,"href":"http:\/\/ines-falak.from.hr\/index.php?rest_route=%2Fwp%2Fv2%2Fcomments&post=598"}],"version-history":[{"count":92,"href":"http:\/\/ines-falak.from.hr\/index.php?rest_route=\/wp\/v2\/pages\/598\/revisions"}],"predecessor-version":[{"id":1245,"href":"http:\/\/ines-falak.from.hr\/index.php?rest_route=\/wp\/v2\/pages\/598\/revisions\/1245"}],"wp:attachment":[{"href":"http:\/\/ines-falak.from.hr\/index.php?rest_route=%2Fwp%2Fv2%2Fmedia&parent=598"}],"curies":[{"name":"wp","href":"https:\/\/api.w.org\/{rel}","templated":true}]}}