{"id":603,"date":"2019-07-28T17:17:56","date_gmt":"2019-07-28T17:17:56","guid":{"rendered":"http:\/\/ines-falak.from.hr\/?page_id=603"},"modified":"2022-02-07T10:58:46","modified_gmt":"2022-02-07T10:58:46","slug":"dobro-je-znati","status":"publish","type":"page","link":"http:\/\/ines-falak.from.hr\/?page_id=603","title":{"rendered":"Dobro je znati"},"content":{"rendered":"<p><strong><a href=\"http:\/\/ines-falak.from.hr\/files\/2019\/10\/Citanje-hrana-za-mozak.pdf\">\u010citanje hrana za mozak<\/a><\/strong><\/p>\n\n<!-- iframe plugin v.4.5 wordpress.org\/plugins\/iframe\/ -->\n<iframe src=\"http:\/\/ines-falak.from.hr\/files\/2019\/10\/Citanje-hrana-za-mozak.pdf\" width=\"100%\" height=\"700\" scrolling=\"yes\" class=\"iframe-class\" frameborder=\"0\"><\/iframe>\n\n<hr>\n<p><strong><a href=\"http:\/\/ines-falak.from.hr\/files\/2019\/10\/Zasto-je-vazno-citati-naglas-djetetu-od-najranije-dobi.pdf\">Za\u0161to je va\u017eno \u010ditati na glas djetetu od najranije dobi<\/a><\/strong><\/p>\n\n<!-- iframe plugin v.4.5 wordpress.org\/plugins\/iframe\/ -->\n<iframe src=\"http:\/\/ines-falak.from.hr\/files\/2019\/10\/Zasto-je-vazno-citati-naglas-djetetu-od-najranije-dobi.pdf\" width=\"100%\" height=\"700\" scrolling=\"yes\" class=\"iframe-class\" frameborder=\"0\"><\/iframe>\n\n<hr>\n<p><strong><a href=\"http:\/\/ines-falak.from.hr\/files\/2019\/10\/KAKO-MOTIVIRATI-DJECU-ZA-\u010cITANJE.pdf\">Kako motivirati djecu za \u010ditanje<\/a><\/strong><\/p>\n\n<!-- iframe plugin v.4.5 wordpress.org\/plugins\/iframe\/ -->\n<iframe src=\"http:\/\/ines-falak.from.hr\/files\/2019\/10\/KAKO-MOTIVIRATI-DJECU-ZA-\u010cITANJE.pdf\" width=\"100%\" height=\"700\" scrolling=\"yes\" class=\"iframe-class\" frameborder=\"0\"><\/iframe>\n\n<hr>\n<p><strong><a href=\"http:\/\/ines-falak.from.hr\/files\/2019\/10\/\u0160EST-U\u010cINKOVITIH-STRATEGIJA-ZA-MOTIVACIJU-DJECE-KOJA-NERADO-\u010cITAJU.pdf\">\u0160est u\u010dinkovitih strategija za motivaciju djece koja nerado \u010ditaju<\/a><\/strong><\/p>\n\n<!-- iframe plugin v.4.5 wordpress.org\/plugins\/iframe\/ -->\n<iframe src=\"http:\/\/ines-falak.from.hr\/files\/2019\/10\/\u0160EST-U\u010cINKOVITIH-STRATEGIJA-ZA-MOTIVACIJU-DJECE-KOJA-NERADO-\u010cITAJU.pdf\" width=\"100%\" height=\"700\" scrolling=\"yes\" class=\"iframe-class\" frameborder=\"0\"><\/iframe>\n\n<hr>\n<p>&nbsp;<\/p>\n","protected":false},"excerpt":{"rendered":"<p>\u010citanje hrana za mozak Za\u0161to je va\u017eno \u010ditati na glas djetetu od najranije dobi Kako motivirati djecu za \u010ditanje \u0160est u\u010dinkovitih strategija za motivaciju djece koja nerado \u010ditaju &nbsp;<\/p>\n","protected":false},"author":1352,"featured_media":0,"parent":24,"menu_order":6,"comment_status":"closed","ping_status":"closed","template":"","meta":{"ngg_post_thumbnail":0},"yoast_head":"<!-- This site is optimized with the Yoast SEO plugin v17.5 - https:\/\/yoast.com\/wordpress\/plugins\/seo\/ -->\n<meta name=\"robots\" content=\"index, follow, max-snippet:-1, max-image-preview:large, max-video-preview:-1\" \/>\n<link rel=\"canonical\" href=\"http:\/\/ines-falak.from.hr\/?page_id=603\" \/>\n<meta property=\"og:locale\" content=\"hr_HR\" \/>\n<meta property=\"og:type\" content=\"article\" \/>\n<meta property=\"og:title\" content=\"Dobro je znati - Potra\u017ei, \u010ditaj, ma\u0161taj, istra\u017ei, izra\u010dunaj\" \/>\n<meta property=\"og:description\" content=\"\u010citanje hrana za mozak Za\u0161to je va\u017eno \u010ditati na glas djetetu od najranije dobi Kako motivirati djecu za \u010ditanje \u0160est u\u010dinkovitih strategija za motivaciju djece koja nerado \u010ditaju &nbsp;\" \/>\n<meta property=\"og:url\" content=\"http:\/\/ines-falak.from.hr\/?page_id=603\" \/>\n<meta property=\"og:site_name\" content=\"Potra\u017ei, \u010ditaj, ma\u0161taj, istra\u017ei, izra\u010dunaj\" \/>\n<meta property=\"article:modified_time\" content=\"2022-02-07T10:58:46+00:00\" \/>\n<meta name=\"twitter:card\" content=\"summary\" \/>\n<script type=\"application\/ld+json\" class=\"yoast-schema-graph\">{\"@context\":\"https:\/\/schema.org\",\"@graph\":[{\"@type\":\"WebSite\",\"@id\":\"http:\/\/ines-falak.from.hr\/#website\",\"url\":\"http:\/\/ines-falak.from.hr\/\",\"name\":\"Potra\\u017ei, \\u010ditaj, ma\\u0161taj, istra\\u017ei, izra\\u010dunaj\",\"description\":\"- preporuke Ines Falak\",\"potentialAction\":[{\"@type\":\"SearchAction\",\"target\":{\"@type\":\"EntryPoint\",\"urlTemplate\":\"http:\/\/ines-falak.from.hr\/?s={search_term_string}\"},\"query-input\":\"required name=search_term_string\"}],\"inLanguage\":\"hr\"},{\"@type\":\"WebPage\",\"@id\":\"http:\/\/ines-falak.from.hr\/?page_id=603#webpage\",\"url\":\"http:\/\/ines-falak.from.hr\/?page_id=603\",\"name\":\"Dobro je znati - Potra\\u017ei, \\u010ditaj, ma\\u0161taj, istra\\u017ei, izra\\u010dunaj\",\"isPartOf\":{\"@id\":\"http:\/\/ines-falak.from.hr\/#website\"},\"datePublished\":\"2019-07-28T17:17:56+00:00\",\"dateModified\":\"2022-02-07T10:58:46+00:00\",\"breadcrumb\":{\"@id\":\"http:\/\/ines-falak.from.hr\/?page_id=603#breadcrumb\"},\"inLanguage\":\"hr\",\"potentialAction\":[{\"@type\":\"ReadAction\",\"target\":[\"http:\/\/ines-falak.from.hr\/?page_id=603\"]}]},{\"@type\":\"BreadcrumbList\",\"@id\":\"http:\/\/ines-falak.from.hr\/?page_id=603#breadcrumb\",\"itemListElement\":[{\"@type\":\"ListItem\",\"position\":1,\"name\":\"Home\",\"item\":\"http:\/\/ines-falak.from.hr\/\"},{\"@type\":\"ListItem\",\"position\":2,\"name\":\"U\\u010dimo \\u010ditati i pisati\",\"item\":\"http:\/\/ines-falak.from.hr\/?page_id=24\"},{\"@type\":\"ListItem\",\"position\":3,\"name\":\"Dobro je znati\"}]}]}<\/script>\n<!-- \/ Yoast SEO plugin. -->","yoast_head_json":{"robots":{"index":"index","follow":"follow","max-snippet":"max-snippet:-1","max-image-preview":"max-image-preview:large","max-video-preview":"max-video-preview:-1"},"canonical":"http:\/\/ines-falak.from.hr\/?page_id=603","og_locale":"hr_HR","og_type":"article","og_title":"Dobro je znati - Potra\u017ei, \u010ditaj, ma\u0161taj, istra\u017ei, izra\u010dunaj","og_description":"\u010citanje hrana za mozak Za\u0161to je va\u017eno \u010ditati na glas djetetu od najranije dobi Kako motivirati djecu za \u010ditanje \u0160est u\u010dinkovitih strategija za motivaciju djece koja nerado \u010ditaju &nbsp;","og_url":"http:\/\/ines-falak.from.hr\/?page_id=603","og_site_name":"Potra\u017ei, \u010ditaj, ma\u0161taj, istra\u017ei, izra\u010dunaj","article_modified_time":"2022-02-07T10:58:46+00:00","twitter_card":"summary","schema":{"@context":"https:\/\/schema.org","@graph":[{"@type":"WebSite","@id":"http:\/\/ines-falak.from.hr\/#website","url":"http:\/\/ines-falak.from.hr\/","name":"Potra\u017ei, \u010ditaj, ma\u0161taj, istra\u017ei, izra\u010dunaj","description":"- preporuke Ines Falak","potentialAction":[{"@type":"SearchAction","target":{"@type":"EntryPoint","urlTemplate":"http:\/\/ines-falak.from.hr\/?s={search_term_string}"},"query-input":"required name=search_term_string"}],"inLanguage":"hr"},{"@type":"WebPage","@id":"http:\/\/ines-falak.from.hr\/?page_id=603#webpage","url":"http:\/\/ines-falak.from.hr\/?page_id=603","name":"Dobro je znati - Potra\u017ei, \u010ditaj, ma\u0161taj, istra\u017ei, izra\u010dunaj","isPartOf":{"@id":"http:\/\/ines-falak.from.hr\/#website"},"datePublished":"2019-07-28T17:17:56+00:00","dateModified":"2022-02-07T10:58:46+00:00","breadcrumb":{"@id":"http:\/\/ines-falak.from.hr\/?page_id=603#breadcrumb"},"inLanguage":"hr","potentialAction":[{"@type":"ReadAction","target":["http:\/\/ines-falak.from.hr\/?page_id=603"]}]},{"@type":"BreadcrumbList","@id":"http:\/\/ines-falak.from.hr\/?page_id=603#breadcrumb","itemListElement":[{"@type":"ListItem","position":1,"name":"Home","item":"http:\/\/ines-falak.from.hr\/"},{"@type":"ListItem","position":2,"name":"U\u010dimo \u010ditati i pisati","item":"http:\/\/ines-falak.from.hr\/?page_id=24"},{"@type":"ListItem","position":3,"name":"Dobro je znati"}]}]}},"_links":{"self":[{"href":"http:\/\/ines-falak.from.hr\/index.php?rest_route=\/wp\/v2\/pages\/603"}],"collection":[{"href":"http:\/\/ines-falak.from.hr\/index.php?rest_route=\/wp\/v2\/pages"}],"about":[{"href":"http:\/\/ines-falak.from.hr\/index.php?rest_route=\/wp\/v2\/types\/page"}],"author":[{"embeddable":true,"href":"http:\/\/ines-falak.from.hr\/index.php?rest_route=\/wp\/v2\/users\/1352"}],"replies":[{"embeddable":true,"href":"http:\/\/ines-falak.from.hr\/index.php?rest_route=%2Fwp%2Fv2%2Fcomments&post=603"}],"version-history":[{"count":6,"href":"http:\/\/ines-falak.from.hr\/index.php?rest_route=\/wp\/v2\/pages\/603\/revisions"}],"predecessor-version":[{"id":918,"href":"http:\/\/ines-falak.from.hr\/index.php?rest_route=\/wp\/v2\/pages\/603\/revisions\/918"}],"up":[{"embeddable":true,"href":"http:\/\/ines-falak.from.hr\/index.php?rest_route=\/wp\/v2\/pages\/24"}],"wp:attachment":[{"href":"http:\/\/ines-falak.from.hr\/index.php?rest_route=%2Fwp%2Fv2%2Fmedia&parent=603"}],"curies":[{"name":"wp","href":"https:\/\/api.w.org\/{rel}","templated":true}]}}