{"id":806,"date":"2019-08-14T12:01:28","date_gmt":"2019-08-14T12:01:28","guid":{"rendered":"http:\/\/ines-falak.from.hr\/?page_id=806"},"modified":"2019-08-15T11:22:29","modified_gmt":"2019-08-15T11:22:29","slug":"obitelj","status":"publish","type":"page","link":"http:\/\/ines-falak.from.hr\/?page_id=806","title":{"rendered":"Obitelj"},"content":{"rendered":"<table border=\"1\" width=\"200\">\n<tbody>\n<tr>\n<td><a href=\"http:\/\/ines-falak.from.hr\/?page_id=835\"><img src=\"http:\/\/ines-falak.from.hr\/files\/2019\/08\/1obiteljski-odnosi.jpg\" border=\"0\"><\/a><\/td>\n<td><a href=\"http:\/\/ines-falak.from.hr\/?page_id=838\"><img src=\"http:\/\/ines-falak.from.hr\/files\/2019\/08\/2radam-se.jpg\" border=\"0\"><\/a><\/td>\n<td><a href=\"http:\/\/ines-falak.from.hr\/?page_id=840\"><img src=\"http:\/\/ines-falak.from.hr\/files\/2019\/08\/3dolazim-u-novu-obitelj.jpg\" border=\"0\"><\/a><\/td>\n<\/tr>\n<tr>\n<td><a href=\"http:\/\/ines-falak.from.hr\/?page_id=842\"><img src=\"http:\/\/ines-falak.from.hr\/files\/2019\/08\/4tata-i-ja.jpg\" border=\"0\"><\/a><\/td>\n<td><a href=\"http:\/\/ines-falak.from.hr\/?page_id=844\"><img src=\"http:\/\/ines-falak.from.hr\/files\/2019\/08\/5mama-i-ja.jpg\" border=\"0\"><\/a><\/td>\n<td><a href=\"http:\/\/ines-falak.from.hr\/?page_id=846\"><img src=\"http:\/\/ines-falak.from.hr\/files\/2019\/08\/6braca-i-sestre.jpg\" border=\"0\"><\/a><\/td>\n<\/tr>\n<tr>\n<td><a href=\"http:\/\/ines-falak.from.hr\/?page_id=848\"><img src=\"http:\/\/ines-falak.from.hr\/files\/2019\/08\/7bake-i-djedovi.jpg\" border=\"0\"><\/a><\/td>\n<td><a href=\"http:\/\/ines-falak.from.hr\/?page_id=850\"><img src=\"http:\/\/ines-falak.from.hr\/files\/2019\/08\/8naruseni-odnosi.jpg\" border=\"0\"><\/a><\/td>\n<td><a href=\"http:\/\/ines-falak.from.hr\/?page_id=852\"><img src=\"http:\/\/ines-falak.from.hr\/files\/2019\/08\/9tata-i-mama.jpg\" border=\"0\"><\/a><\/td>\n<\/tr>\n<tr>\n<td><a href=\"http:\/\/ines-falak.from.hr\/?page_id=854\"><img src=\"http:\/\/ines-falak.from.hr\/files\/2019\/08\/10dom.jpg\" border=\"0\"><\/a><\/td>\n<td><a href=\"http:\/\/ines-falak.from.hr\/?page_id=856\"><img src=\"http:\/\/ines-falak.from.hr\/files\/2019\/08\/10apoma\u017eem.jpg\" border=\"0\"><\/a><\/td>\n<td><a href=\"http:\/\/ines-falak.from.hr\/?page_id=859\"><img src=\"http:\/\/ines-falak.from.hr\/files\/2019\/08\/10bsusjedstvo.jpg\" border=\"0\"><\/a><\/td>\n<\/tr>\n<\/tbody>\n<\/table>\n","protected":false},"excerpt":{"rendered":"","protected":false},"author":1352,"featured_media":0,"parent":595,"menu_order":0,"comment_status":"closed","ping_status":"closed","template":"","meta":{"ngg_post_thumbnail":0},"yoast_head":"<!-- This site is optimized with the Yoast SEO plugin v17.5 - https:\/\/yoast.com\/wordpress\/plugins\/seo\/ -->\n<meta name=\"robots\" content=\"index, follow, max-snippet:-1, max-image-preview:large, max-video-preview:-1\" \/>\n<link rel=\"canonical\" href=\"http:\/\/ines-falak.from.hr\/?page_id=806\" \/>\n<meta property=\"og:locale\" content=\"hr_HR\" \/>\n<meta property=\"og:type\" content=\"article\" \/>\n<meta property=\"og:title\" content=\"Obitelj - Potra\u017ei, \u010ditaj, ma\u0161taj, istra\u017ei, izra\u010dunaj\" \/>\n<meta property=\"og:url\" content=\"http:\/\/ines-falak.from.hr\/?page_id=806\" \/>\n<meta property=\"og:site_name\" content=\"Potra\u017ei, \u010ditaj, ma\u0161taj, istra\u017ei, izra\u010dunaj\" \/>\n<meta property=\"article:modified_time\" content=\"2019-08-15T11:22:29+00:00\" \/>\n<meta property=\"og:image\" content=\"http:\/\/ines-falak.from.hr\/files\/2019\/08\/1obiteljski-odnosi.jpg\" \/>\n<meta name=\"twitter:card\" content=\"summary\" \/>\n<script type=\"application\/ld+json\" class=\"yoast-schema-graph\">{\"@context\":\"https:\/\/schema.org\",\"@graph\":[{\"@type\":\"WebSite\",\"@id\":\"http:\/\/ines-falak.from.hr\/#website\",\"url\":\"http:\/\/ines-falak.from.hr\/\",\"name\":\"Potra\\u017ei, \\u010ditaj, ma\\u0161taj, istra\\u017ei, izra\\u010dunaj\",\"description\":\"- preporuke Ines Falak\",\"potentialAction\":[{\"@type\":\"SearchAction\",\"target\":{\"@type\":\"EntryPoint\",\"urlTemplate\":\"http:\/\/ines-falak.from.hr\/?s={search_term_string}\"},\"query-input\":\"required name=search_term_string\"}],\"inLanguage\":\"hr\"},{\"@type\":\"ImageObject\",\"@id\":\"http:\/\/ines-falak.from.hr\/?page_id=806#primaryimage\",\"inLanguage\":\"hr\",\"url\":\"http:\/\/ines-falak.from.hr\/files\/2019\/08\/1obiteljski-odnosi.jpg\",\"contentUrl\":\"http:\/\/ines-falak.from.hr\/files\/2019\/08\/1obiteljski-odnosi.jpg\"},{\"@type\":\"WebPage\",\"@id\":\"http:\/\/ines-falak.from.hr\/?page_id=806#webpage\",\"url\":\"http:\/\/ines-falak.from.hr\/?page_id=806\",\"name\":\"Obitelj - Potra\\u017ei, \\u010ditaj, ma\\u0161taj, istra\\u017ei, izra\\u010dunaj\",\"isPartOf\":{\"@id\":\"http:\/\/ines-falak.from.hr\/#website\"},\"primaryImageOfPage\":{\"@id\":\"http:\/\/ines-falak.from.hr\/?page_id=806#primaryimage\"},\"datePublished\":\"2019-08-14T12:01:28+00:00\",\"dateModified\":\"2019-08-15T11:22:29+00:00\",\"breadcrumb\":{\"@id\":\"http:\/\/ines-falak.from.hr\/?page_id=806#breadcrumb\"},\"inLanguage\":\"hr\",\"potentialAction\":[{\"@type\":\"ReadAction\",\"target\":[\"http:\/\/ines-falak.from.hr\/?page_id=806\"]}]},{\"@type\":\"BreadcrumbList\",\"@id\":\"http:\/\/ines-falak.from.hr\/?page_id=806#breadcrumb\",\"itemListElement\":[{\"@type\":\"ListItem\",\"position\":1,\"name\":\"Home\",\"item\":\"http:\/\/ines-falak.from.hr\/\"},{\"@type\":\"ListItem\",\"position\":2,\"name\":\"Izaberi\",\"item\":\"http:\/\/ines-falak.from.hr\/?page_id=595\"},{\"@type\":\"ListItem\",\"position\":3,\"name\":\"Obitelj\"}]}]}<\/script>\n<!-- \/ Yoast SEO plugin. -->","yoast_head_json":{"robots":{"index":"index","follow":"follow","max-snippet":"max-snippet:-1","max-image-preview":"max-image-preview:large","max-video-preview":"max-video-preview:-1"},"canonical":"http:\/\/ines-falak.from.hr\/?page_id=806","og_locale":"hr_HR","og_type":"article","og_title":"Obitelj - Potra\u017ei, \u010ditaj, ma\u0161taj, istra\u017ei, izra\u010dunaj","og_url":"http:\/\/ines-falak.from.hr\/?page_id=806","og_site_name":"Potra\u017ei, \u010ditaj, ma\u0161taj, istra\u017ei, izra\u010dunaj","article_modified_time":"2019-08-15T11:22:29+00:00","og_image":[{"url":"http:\/\/ines-falak.from.hr\/files\/2019\/08\/1obiteljski-odnosi.jpg"}],"twitter_card":"summary","schema":{"@context":"https:\/\/schema.org","@graph":[{"@type":"WebSite","@id":"http:\/\/ines-falak.from.hr\/#website","url":"http:\/\/ines-falak.from.hr\/","name":"Potra\u017ei, \u010ditaj, ma\u0161taj, istra\u017ei, izra\u010dunaj","description":"- preporuke Ines Falak","potentialAction":[{"@type":"SearchAction","target":{"@type":"EntryPoint","urlTemplate":"http:\/\/ines-falak.from.hr\/?s={search_term_string}"},"query-input":"required name=search_term_string"}],"inLanguage":"hr"},{"@type":"ImageObject","@id":"http:\/\/ines-falak.from.hr\/?page_id=806#primaryimage","inLanguage":"hr","url":"http:\/\/ines-falak.from.hr\/files\/2019\/08\/1obiteljski-odnosi.jpg","contentUrl":"http:\/\/ines-falak.from.hr\/files\/2019\/08\/1obiteljski-odnosi.jpg"},{"@type":"WebPage","@id":"http:\/\/ines-falak.from.hr\/?page_id=806#webpage","url":"http:\/\/ines-falak.from.hr\/?page_id=806","name":"Obitelj - Potra\u017ei, \u010ditaj, ma\u0161taj, istra\u017ei, izra\u010dunaj","isPartOf":{"@id":"http:\/\/ines-falak.from.hr\/#website"},"primaryImageOfPage":{"@id":"http:\/\/ines-falak.from.hr\/?page_id=806#primaryimage"},"datePublished":"2019-08-14T12:01:28+00:00","dateModified":"2019-08-15T11:22:29+00:00","breadcrumb":{"@id":"http:\/\/ines-falak.from.hr\/?page_id=806#breadcrumb"},"inLanguage":"hr","potentialAction":[{"@type":"ReadAction","target":["http:\/\/ines-falak.from.hr\/?page_id=806"]}]},{"@type":"BreadcrumbList","@id":"http:\/\/ines-falak.from.hr\/?page_id=806#breadcrumb","itemListElement":[{"@type":"ListItem","position":1,"name":"Home","item":"http:\/\/ines-falak.from.hr\/"},{"@type":"ListItem","position":2,"name":"Izaberi","item":"http:\/\/ines-falak.from.hr\/?page_id=595"},{"@type":"ListItem","position":3,"name":"Obitelj"}]}]}},"_links":{"self":[{"href":"http:\/\/ines-falak.from.hr\/index.php?rest_route=\/wp\/v2\/pages\/806"}],"collection":[{"href":"http:\/\/ines-falak.from.hr\/index.php?rest_route=\/wp\/v2\/pages"}],"about":[{"href":"http:\/\/ines-falak.from.hr\/index.php?rest_route=\/wp\/v2\/types\/page"}],"author":[{"embeddable":true,"href":"http:\/\/ines-falak.from.hr\/index.php?rest_route=\/wp\/v2\/users\/1352"}],"replies":[{"embeddable":true,"href":"http:\/\/ines-falak.from.hr\/index.php?rest_route=%2Fwp%2Fv2%2Fcomments&post=806"}],"version-history":[{"count":12,"href":"http:\/\/ines-falak.from.hr\/index.php?rest_route=\/wp\/v2\/pages\/806\/revisions"}],"predecessor-version":[{"id":861,"href":"http:\/\/ines-falak.from.hr\/index.php?rest_route=\/wp\/v2\/pages\/806\/revisions\/861"}],"up":[{"embeddable":true,"href":"http:\/\/ines-falak.from.hr\/index.php?rest_route=\/wp\/v2\/pages\/595"}],"wp:attachment":[{"href":"http:\/\/ines-falak.from.hr\/index.php?rest_route=%2Fwp%2Fv2%2Fmedia&parent=806"}],"curies":[{"name":"wp","href":"https:\/\/api.w.org\/{rel}","templated":true}]}}