{"id":835,"date":"2019-08-14T18:29:50","date_gmt":"2019-08-14T18:29:50","guid":{"rendered":"http:\/\/ines-falak.from.hr\/?page_id=835"},"modified":"2019-08-15T11:49:00","modified_gmt":"2019-08-15T11:49:00","slug":"obiteljski-odnosi","status":"publish","type":"page","link":"http:\/\/ines-falak.from.hr\/?page_id=835","title":{"rendered":"Obiteljski odnosi"},"content":{"rendered":"<p><a href=\"http:\/\/ines-falak.from.hr\/files\/2019\/08\/1-obiteljski-odnosi.pdf\" target=\"_blank\">Pregled &#8230;&nbsp;1. Obiteljski odnosi<\/a><\/p>\n<hr>\n\n<!-- iframe plugin v.4.5 wordpress.org\/plugins\/iframe\/ -->\n<iframe src=\"http:\/\/ines-falak.from.hr\/files\/2019\/08\/1-obiteljski-odnosi.pdf\" width=\"100%\" height=\"800\" scrolling=\"yes\" class=\"iframe-class\" frameborder=\"0\"><\/iframe>\n\n","protected":false},"excerpt":{"rendered":"<p>Pregled &#8230;&nbsp;1. Obiteljski odnosi<\/p>\n","protected":false},"author":1352,"featured_media":0,"parent":806,"menu_order":1,"comment_status":"closed","ping_status":"closed","template":"","meta":{"ngg_post_thumbnail":0},"yoast_head":"<!-- This site is optimized with the Yoast SEO plugin v17.5 - https:\/\/yoast.com\/wordpress\/plugins\/seo\/ -->\n<meta name=\"robots\" content=\"index, follow, max-snippet:-1, max-image-preview:large, max-video-preview:-1\" \/>\n<link rel=\"canonical\" href=\"http:\/\/ines-falak.from.hr\/?page_id=835\" \/>\n<meta property=\"og:locale\" content=\"hr_HR\" \/>\n<meta property=\"og:type\" content=\"article\" \/>\n<meta property=\"og:title\" content=\"Obiteljski odnosi - Potra\u017ei, \u010ditaj, ma\u0161taj, istra\u017ei, izra\u010dunaj\" \/>\n<meta property=\"og:description\" content=\"Pregled &#8230;&nbsp;1. Obiteljski odnosi\" \/>\n<meta property=\"og:url\" content=\"http:\/\/ines-falak.from.hr\/?page_id=835\" \/>\n<meta property=\"og:site_name\" content=\"Potra\u017ei, \u010ditaj, ma\u0161taj, istra\u017ei, izra\u010dunaj\" \/>\n<meta property=\"article:modified_time\" content=\"2019-08-15T11:49:00+00:00\" \/>\n<meta name=\"twitter:card\" content=\"summary\" \/>\n<script type=\"application\/ld+json\" class=\"yoast-schema-graph\">{\"@context\":\"https:\/\/schema.org\",\"@graph\":[{\"@type\":\"WebSite\",\"@id\":\"http:\/\/ines-falak.from.hr\/#website\",\"url\":\"http:\/\/ines-falak.from.hr\/\",\"name\":\"Potra\\u017ei, \\u010ditaj, ma\\u0161taj, istra\\u017ei, izra\\u010dunaj\",\"description\":\"- preporuke Ines Falak\",\"potentialAction\":[{\"@type\":\"SearchAction\",\"target\":{\"@type\":\"EntryPoint\",\"urlTemplate\":\"http:\/\/ines-falak.from.hr\/?s={search_term_string}\"},\"query-input\":\"required name=search_term_string\"}],\"inLanguage\":\"hr\"},{\"@type\":\"WebPage\",\"@id\":\"http:\/\/ines-falak.from.hr\/?page_id=835#webpage\",\"url\":\"http:\/\/ines-falak.from.hr\/?page_id=835\",\"name\":\"Obiteljski odnosi - Potra\\u017ei, \\u010ditaj, ma\\u0161taj, istra\\u017ei, izra\\u010dunaj\",\"isPartOf\":{\"@id\":\"http:\/\/ines-falak.from.hr\/#website\"},\"datePublished\":\"2019-08-14T18:29:50+00:00\",\"dateModified\":\"2019-08-15T11:49:00+00:00\",\"breadcrumb\":{\"@id\":\"http:\/\/ines-falak.from.hr\/?page_id=835#breadcrumb\"},\"inLanguage\":\"hr\",\"potentialAction\":[{\"@type\":\"ReadAction\",\"target\":[\"http:\/\/ines-falak.from.hr\/?page_id=835\"]}]},{\"@type\":\"BreadcrumbList\",\"@id\":\"http:\/\/ines-falak.from.hr\/?page_id=835#breadcrumb\",\"itemListElement\":[{\"@type\":\"ListItem\",\"position\":1,\"name\":\"Home\",\"item\":\"http:\/\/ines-falak.from.hr\/\"},{\"@type\":\"ListItem\",\"position\":2,\"name\":\"Izaberi\",\"item\":\"http:\/\/ines-falak.from.hr\/?page_id=595\"},{\"@type\":\"ListItem\",\"position\":3,\"name\":\"Obitelj\",\"item\":\"http:\/\/ines-falak.from.hr\/?page_id=806\"},{\"@type\":\"ListItem\",\"position\":4,\"name\":\"Obiteljski odnosi\"}]}]}<\/script>\n<!-- \/ Yoast SEO plugin. -->","yoast_head_json":{"robots":{"index":"index","follow":"follow","max-snippet":"max-snippet:-1","max-image-preview":"max-image-preview:large","max-video-preview":"max-video-preview:-1"},"canonical":"http:\/\/ines-falak.from.hr\/?page_id=835","og_locale":"hr_HR","og_type":"article","og_title":"Obiteljski odnosi - Potra\u017ei, \u010ditaj, ma\u0161taj, istra\u017ei, izra\u010dunaj","og_description":"Pregled &#8230;&nbsp;1. Obiteljski odnosi","og_url":"http:\/\/ines-falak.from.hr\/?page_id=835","og_site_name":"Potra\u017ei, \u010ditaj, ma\u0161taj, istra\u017ei, izra\u010dunaj","article_modified_time":"2019-08-15T11:49:00+00:00","twitter_card":"summary","schema":{"@context":"https:\/\/schema.org","@graph":[{"@type":"WebSite","@id":"http:\/\/ines-falak.from.hr\/#website","url":"http:\/\/ines-falak.from.hr\/","name":"Potra\u017ei, \u010ditaj, ma\u0161taj, istra\u017ei, izra\u010dunaj","description":"- preporuke Ines Falak","potentialAction":[{"@type":"SearchAction","target":{"@type":"EntryPoint","urlTemplate":"http:\/\/ines-falak.from.hr\/?s={search_term_string}"},"query-input":"required name=search_term_string"}],"inLanguage":"hr"},{"@type":"WebPage","@id":"http:\/\/ines-falak.from.hr\/?page_id=835#webpage","url":"http:\/\/ines-falak.from.hr\/?page_id=835","name":"Obiteljski odnosi - Potra\u017ei, \u010ditaj, ma\u0161taj, istra\u017ei, izra\u010dunaj","isPartOf":{"@id":"http:\/\/ines-falak.from.hr\/#website"},"datePublished":"2019-08-14T18:29:50+00:00","dateModified":"2019-08-15T11:49:00+00:00","breadcrumb":{"@id":"http:\/\/ines-falak.from.hr\/?page_id=835#breadcrumb"},"inLanguage":"hr","potentialAction":[{"@type":"ReadAction","target":["http:\/\/ines-falak.from.hr\/?page_id=835"]}]},{"@type":"BreadcrumbList","@id":"http:\/\/ines-falak.from.hr\/?page_id=835#breadcrumb","itemListElement":[{"@type":"ListItem","position":1,"name":"Home","item":"http:\/\/ines-falak.from.hr\/"},{"@type":"ListItem","position":2,"name":"Izaberi","item":"http:\/\/ines-falak.from.hr\/?page_id=595"},{"@type":"ListItem","position":3,"name":"Obitelj","item":"http:\/\/ines-falak.from.hr\/?page_id=806"},{"@type":"ListItem","position":4,"name":"Obiteljski odnosi"}]}]}},"_links":{"self":[{"href":"http:\/\/ines-falak.from.hr\/index.php?rest_route=\/wp\/v2\/pages\/835"}],"collection":[{"href":"http:\/\/ines-falak.from.hr\/index.php?rest_route=\/wp\/v2\/pages"}],"about":[{"href":"http:\/\/ines-falak.from.hr\/index.php?rest_route=\/wp\/v2\/types\/page"}],"author":[{"embeddable":true,"href":"http:\/\/ines-falak.from.hr\/index.php?rest_route=\/wp\/v2\/users\/1352"}],"replies":[{"embeddable":true,"href":"http:\/\/ines-falak.from.hr\/index.php?rest_route=%2Fwp%2Fv2%2Fcomments&post=835"}],"version-history":[{"count":7,"href":"http:\/\/ines-falak.from.hr\/index.php?rest_route=\/wp\/v2\/pages\/835\/revisions"}],"predecessor-version":[{"id":881,"href":"http:\/\/ines-falak.from.hr\/index.php?rest_route=\/wp\/v2\/pages\/835\/revisions\/881"}],"up":[{"embeddable":true,"href":"http:\/\/ines-falak.from.hr\/index.php?rest_route=\/wp\/v2\/pages\/806"}],"wp:attachment":[{"href":"http:\/\/ines-falak.from.hr\/index.php?rest_route=%2Fwp%2Fv2%2Fmedia&parent=835"}],"curies":[{"name":"wp","href":"https:\/\/api.w.org\/{rel}","templated":true}]}}