{"id":963,"date":"2022-02-06T08:55:16","date_gmt":"2022-02-06T08:55:16","guid":{"rendered":"http:\/\/ines-falak.from.hr\/?page_id=963"},"modified":"2022-02-06T11:17:01","modified_gmt":"2022-02-06T11:17:01","slug":"vjezbnica-3","status":"publish","type":"page","link":"http:\/\/ines-falak.from.hr\/?page_id=963","title":{"rendered":"Vje\u017ebnica 3"},"content":{"rendered":"<p><a href=\"http:\/\/ines-falak.from.hr\/files\/2022\/02\/Sadrzaj-vj3.pdf\">Sadr\u017eaj Vje\u017ebenice 3 \u2013 hrvatski jezik<\/a><br \/>\n<a href=\"https:\/\/drive.google.com\/file\/d\/10cQIbQHhmsPgWT4pjvXFP0E1NE9wgTeE\/view?usp=sharing\" target=\"_blank\" rel=\"noopener\"><strong>Preuzmi Vje\u017ebenicu 3 \u2013 hrvatski jezik<\/strong><\/a><\/p>\n<hr>\n<p><a href=\"http:\/\/ines-falak.from.hr\/files\/2022\/02\/Sadrzaj-vj3-m.jpg\"><img loading=\"lazy\" class=\"alignnone size-full wp-image-977\" src=\"http:\/\/ines-falak.from.hr\/files\/2022\/02\/Sadrzaj-vj3-m.jpg\" alt=\"\" width=\"700\" height=\"813\" srcset=\"http:\/\/ines-falak.from.hr\/files\/2022\/02\/Sadrzaj-vj3-m.jpg 700w, http:\/\/ines-falak.from.hr\/files\/2022\/02\/Sadrzaj-vj3-m-431x500.jpg 431w\" sizes=\"(max-width: 700px) 100vw, 700px\" \/><\/a><\/p>\n<hr>\n<div align=\"justify\">\nUd\u017ebeni\u010dki komplet U\u010dim hrvatski 3 sastoji se od ud\u017ebenika, jezi\u010dne vje\u017ebenice i priru\u010dnika za u\u010ditelje. Ud\u017ebenik obuhva\u0107a slovni\u010dko gradivo propisano nastavnim planom i programom za tre\u0107i razred osnovne \u0161kole.<\/p>\n<p>&#8220;Autorice su punu pozornost posvetile u\u010denicima kojima su namijenile ud\u017ebenik, uzimale su u obzir zakonitosti dje\u010djeg mi\u0161ljenja i stupanj razvijenosti njihova jezi\u010dnog osje\u0107aja. Pri pisanju ud\u017ebenika su po\u0161le od spoznaje da je najva\u017enija zada\u0107a nastave hrvatskoga jezika osposobiti u\u010denike za usmenu i pismenu komunikaciju. Polazi\u0161te im je bila u\u010denikova intuitivna gramatika, a pristup u\u010denju hrvatskoga jezika formirale su tako da u\u010denik u\u010di na vlastitim pogre\u0161kama, kojih \u0107e postupno u\u010de\u0107i teoriju postajati svjestan i s vremenom ih uklanjati. Imaju\u0107i to na umu, one su pomnim doziranjem informacija nastojale razviti kod u\u010denika jezi\u010dni osje\u0107aj i u tome su uspjele.<\/p>\n<p>Jezi\u010dna su pravila svele na razumljivu mjeru i pojednostavnile su ih koliko je to bilo mogu\u0107e, ali nisu pre\u0161le u puko banaliziranje. Upravo zato su jezik i stil od prve do posljednje stranice ujedna\u010deni i primjereni dobi u\u010denika, razumljivi su im i poticajni za usvajanje novih jezi\u010dnih sadr\u017eaja.<\/p>\n<p>Organizacija i interpretacija nastavne gra\u0111e na zavidnoj su znanstvenoj, metodi\u010dkoj, estetskoj i komunikacijskoj razini. Analiza jezika i stru\u010dne terminologije pokazuje uskla\u0111enost s pravilima hrvatskog knji\u017eevnog jezika. Svi ud\u017ebeni\u010dki sadr\u017eaji temelje se na komunikacijsko-stvarala\u010dkom na\u010delu tako da u\u010denik aktivno sudjeluje u svim fazama stjecanja znanja. Gradivo je sistemati\u010dno i pregledno izneseno. Vje\u0161to je povezana nastava gramatike s nastavom pravopisa, tako da se ta dva jezi\u010dna podru\u010dja isprepli\u0107u i nadopunjavaju, a u\u010denici ih do\u017eivljavaju kao neraskidivu cjelinu iako su ti sadr\u017eaji unutar ud\u017ebenika podijeljeni u dvije zasebne cjeline.<\/p>\n<p>Pohvalila bih poglavlje &#8220;Ponovimo i utvrdimo&#8221; koje je vrlo va\u017eno jer poma\u017ee u\u010denicima pri ponavljanju i utvr\u0111ivanju najva\u017enijih jezi\u010dnih znanja bez kojih prijelaz u novi razred ne bi bio mogu\u0107. Nastavna je praksa tako\u0111er pokazala da u\u010denici vrlo rado konzultiraju rje\u010dnike na kraju ud\u017ebenika pa zato smatram da je uvr\u0161teni Rje\u010dnik vrlo va\u017ean, dobro osmi\u0161ljen i ostvaren.<\/p>\n<p>Lingvometodi\u010dki predlo\u0161ci u ovom su ud\u017ebeniku raznovrsni, zasi\u0107eni jezi\u010dnim \u010dinjenicama, jezi\u010dno i stilski ispravni i dora\u0111eni. Prigodni su i prilago\u0111eni dobi u\u010denika. Poticajni su za obradu odgovaraju\u0107ih jezi\u010dnih sadr\u017eaja. Prate ih metodi\u010dki instrumentariji s nizom zanimljivih i raznovrsnih zadataka (pitanja, zadaci, obja\u0161njenja, definicije), koji poti\u010du u\u010denike na samostalan istra\u017eiva\u010dki rad i aktivno usvajanje znanja iz hrvatskoga jezika. Zasnovani su na zadacima analiti\u010dko-interpretativne, istra\u017eiva\u010dke i stvarala\u010dke usmjerenosti te na grafi\u010dko-likovnim metodi\u010dkim postupcima. Zadaci su stupnjevani po te\u017eini tako da svi u\u010denici mogu vje\u017ebati usvojeno gradivo.<\/p>\n<p>Mnogo je pozornosti posve\u0107eno vizualnoj komponenti ud\u017ebenika. Kroz ud\u017ebenik u\u010denika vode \u010dlanovi jedne obitelji, koju upoznaju na samom po\u010detku. Oni su u svakoj ud\u017ebeni\u010dkoj jedinici u odre\u0111enoj komunikacijskoj situaciji i to je polazi\u0161te za uo\u010davanje jezi\u010dnog problema, njegovo obja\u0161njenje i usvajanje. Sve je uzeto iz djetetova okru\u017eenja, iz onoga \u0161to je njemu blisko poznato i drago.<\/p>\n<p>Zadaci u Vje\u017ebenici su mnogobrojni i zaista raznovrsni. Kre\u0107u se u \u0161irokoj paleti: odgovori na postavljena pitanja; podcrtavanja (raznim bajama); dopunjavanja dopisivanja, prepisivanja, prepisivanja s preinakama, promatranja; zamjenjivanja, zapisivanja, preoblikovanja, razvrstavanja rije\u010di u stupce, razni zadaci vezani uz slikovni i grafi\u010dki materijal (npr. prema crte\u017eima odrediti koji predmeti pripadaju kojem zanimanju), rebusi, kri\u017ealjke, zaokru\u017eivanja to\u010dno zapisanih zadanih rije\u010di, sastavljanja re\u010denica od zadanih rije\u010di, pisanje sastavaka na zadanu temu, ispravljanje u\u010deni\u010dkih doma\u0107ih uradaka, vje\u017ebe za pisanje obavijesti, izvje\u0161taja, pri\u010danja i prepri\u010davanja&#8230;<br \/>\nZadaci su koncipirani tako da se mogu primjenjivati u raznim nastavnim situacijama.<\/p>\n<p>Vjerujem da \u0107e s njom u\u010denici rado i \u010desto komunicirati, kako na nastavnom satu, tako i u samostalnom radu kod ku\u0107e. Dobro je ostvarena korelacija s nastavom izra\u017eavanja i stvaranja u metodi\u010dki opravdanu i skladnu cjelinu. Vje\u017ebenica je zadovoljila visoke znanstvene, metodi\u010dke, didakti\u010dke i estetske kriterije.<\/p>\n<p>Iz recenzije prof. Sanje Zoli\u0107 Nerali\u0107 \u010dlanice Stru\u010dnog povjerenstva za ocjenu ud\u017ebenika Ministrarstva prosvjete i \u0161porta.\n<\/p><\/div>\n","protected":false},"excerpt":{"rendered":"<p>Sadr\u017eaj Vje\u017ebenice 3 \u2013 hrvatski jezik Preuzmi Vje\u017ebenicu 3 \u2013 hrvatski jezik Ud\u017ebeni\u010dki komplet U\u010dim hrvatski 3 sastoji se od ud\u017ebenika, jezi\u010dne vje\u017ebenice i priru\u010dnika za u\u010ditelje. Ud\u017ebenik obuhva\u0107a slovni\u010dko gradivo propisano nastavnim planom i programom za tre\u0107i razred osnovne \u0161kole. &#8220;Autorice su punu pozornost posvetile u\u010denicima kojima su namijenile ud\u017ebenik, uzimale su u obzir &hellip; <a href=\"http:\/\/ines-falak.from.hr\/?page_id=963\" class=\"more-link\">Nastavi \u010ditati <span class=\"screen-reader-text\">Vje\u017ebnica 3<\/span> <span class=\"meta-nav\">&rarr;<\/span><\/a><\/p>\n","protected":false},"author":1352,"featured_media":0,"parent":935,"menu_order":0,"comment_status":"closed","ping_status":"closed","template":"","meta":{"ngg_post_thumbnail":0},"yoast_head":"<!-- This site is optimized with the Yoast SEO plugin v17.5 - https:\/\/yoast.com\/wordpress\/plugins\/seo\/ -->\n<meta name=\"robots\" content=\"index, follow, max-snippet:-1, max-image-preview:large, max-video-preview:-1\" \/>\n<link rel=\"canonical\" href=\"http:\/\/ines-falak.from.hr\/?page_id=963\" \/>\n<meta property=\"og:locale\" content=\"hr_HR\" \/>\n<meta property=\"og:type\" content=\"article\" \/>\n<meta property=\"og:title\" content=\"Vje\u017ebnica 3 - Potra\u017ei, \u010ditaj, ma\u0161taj, istra\u017ei, izra\u010dunaj\" \/>\n<meta property=\"og:description\" content=\"Sadr\u017eaj Vje\u017ebenice 3 \u2013 hrvatski jezik Preuzmi Vje\u017ebenicu 3 \u2013 hrvatski jezik Ud\u017ebeni\u010dki komplet U\u010dim hrvatski 3 sastoji se od ud\u017ebenika, jezi\u010dne vje\u017ebenice i priru\u010dnika za u\u010ditelje. Ud\u017ebenik obuhva\u0107a slovni\u010dko gradivo propisano nastavnim planom i programom za tre\u0107i razred osnovne \u0161kole. &#8220;Autorice su punu pozornost posvetile u\u010denicima kojima su namijenile ud\u017ebenik, uzimale su u obzir &hellip; Nastavi \u010ditati Vje\u017ebnica 3 &rarr;\" \/>\n<meta property=\"og:url\" content=\"http:\/\/ines-falak.from.hr\/?page_id=963\" \/>\n<meta property=\"og:site_name\" content=\"Potra\u017ei, \u010ditaj, ma\u0161taj, istra\u017ei, izra\u010dunaj\" \/>\n<meta property=\"article:modified_time\" content=\"2022-02-06T11:17:01+00:00\" \/>\n<meta property=\"og:image\" content=\"http:\/\/from.hr\/ines-falak\/files\/2022\/02\/Sadrzaj-vj3-m.jpg\" \/>\n<meta name=\"twitter:card\" content=\"summary\" \/>\n<meta name=\"twitter:label1\" content=\"Procijenjeno vrijeme \u010ditanja\" \/>\n\t<meta name=\"twitter:data1\" content=\"1 minuta\" \/>\n<script type=\"application\/ld+json\" class=\"yoast-schema-graph\">{\"@context\":\"https:\/\/schema.org\",\"@graph\":[{\"@type\":\"WebSite\",\"@id\":\"http:\/\/ines-falak.from.hr\/#website\",\"url\":\"http:\/\/ines-falak.from.hr\/\",\"name\":\"Potra\\u017ei, \\u010ditaj, ma\\u0161taj, istra\\u017ei, izra\\u010dunaj\",\"description\":\"- preporuke Ines Falak\",\"potentialAction\":[{\"@type\":\"SearchAction\",\"target\":{\"@type\":\"EntryPoint\",\"urlTemplate\":\"http:\/\/ines-falak.from.hr\/?s={search_term_string}\"},\"query-input\":\"required name=search_term_string\"}],\"inLanguage\":\"hr\"},{\"@type\":\"ImageObject\",\"@id\":\"http:\/\/ines-falak.from.hr\/?page_id=963#primaryimage\",\"inLanguage\":\"hr\",\"url\":\"http:\/\/from.hr\/ines-falak\/files\/2022\/02\/Sadrzaj-vj3-m.jpg\",\"contentUrl\":\"http:\/\/from.hr\/ines-falak\/files\/2022\/02\/Sadrzaj-vj3-m.jpg\"},{\"@type\":\"WebPage\",\"@id\":\"http:\/\/ines-falak.from.hr\/?page_id=963#webpage\",\"url\":\"http:\/\/ines-falak.from.hr\/?page_id=963\",\"name\":\"Vje\\u017ebnica 3 - Potra\\u017ei, \\u010ditaj, ma\\u0161taj, istra\\u017ei, izra\\u010dunaj\",\"isPartOf\":{\"@id\":\"http:\/\/ines-falak.from.hr\/#website\"},\"primaryImageOfPage\":{\"@id\":\"http:\/\/ines-falak.from.hr\/?page_id=963#primaryimage\"},\"datePublished\":\"2022-02-06T08:55:16+00:00\",\"dateModified\":\"2022-02-06T11:17:01+00:00\",\"breadcrumb\":{\"@id\":\"http:\/\/ines-falak.from.hr\/?page_id=963#breadcrumb\"},\"inLanguage\":\"hr\",\"potentialAction\":[{\"@type\":\"ReadAction\",\"target\":[\"http:\/\/ines-falak.from.hr\/?page_id=963\"]}]},{\"@type\":\"BreadcrumbList\",\"@id\":\"http:\/\/ines-falak.from.hr\/?page_id=963#breadcrumb\",\"itemListElement\":[{\"@type\":\"ListItem\",\"position\":1,\"name\":\"Home\",\"item\":\"http:\/\/ines-falak.from.hr\/\"},{\"@type\":\"ListItem\",\"position\":2,\"name\":\"Vje\\u017ebenice &#8211; HJ\",\"item\":\"http:\/\/ines-falak.from.hr\/?page_id=935\"},{\"@type\":\"ListItem\",\"position\":3,\"name\":\"Vje\\u017ebnica 3\"}]}]}<\/script>\n<!-- \/ Yoast SEO plugin. -->","yoast_head_json":{"robots":{"index":"index","follow":"follow","max-snippet":"max-snippet:-1","max-image-preview":"max-image-preview:large","max-video-preview":"max-video-preview:-1"},"canonical":"http:\/\/ines-falak.from.hr\/?page_id=963","og_locale":"hr_HR","og_type":"article","og_title":"Vje\u017ebnica 3 - Potra\u017ei, \u010ditaj, ma\u0161taj, istra\u017ei, izra\u010dunaj","og_description":"Sadr\u017eaj Vje\u017ebenice 3 \u2013 hrvatski jezik Preuzmi Vje\u017ebenicu 3 \u2013 hrvatski jezik Ud\u017ebeni\u010dki komplet U\u010dim hrvatski 3 sastoji se od ud\u017ebenika, jezi\u010dne vje\u017ebenice i priru\u010dnika za u\u010ditelje. Ud\u017ebenik obuhva\u0107a slovni\u010dko gradivo propisano nastavnim planom i programom za tre\u0107i razred osnovne \u0161kole. &#8220;Autorice su punu pozornost posvetile u\u010denicima kojima su namijenile ud\u017ebenik, uzimale su u obzir &hellip; Nastavi \u010ditati Vje\u017ebnica 3 &rarr;","og_url":"http:\/\/ines-falak.from.hr\/?page_id=963","og_site_name":"Potra\u017ei, \u010ditaj, ma\u0161taj, istra\u017ei, izra\u010dunaj","article_modified_time":"2022-02-06T11:17:01+00:00","og_image":[{"url":"http:\/\/from.hr\/ines-falak\/files\/2022\/02\/Sadrzaj-vj3-m.jpg"}],"twitter_card":"summary","twitter_misc":{"Procijenjeno vrijeme \u010ditanja":"1 minuta"},"schema":{"@context":"https:\/\/schema.org","@graph":[{"@type":"WebSite","@id":"http:\/\/ines-falak.from.hr\/#website","url":"http:\/\/ines-falak.from.hr\/","name":"Potra\u017ei, \u010ditaj, ma\u0161taj, istra\u017ei, izra\u010dunaj","description":"- preporuke Ines Falak","potentialAction":[{"@type":"SearchAction","target":{"@type":"EntryPoint","urlTemplate":"http:\/\/ines-falak.from.hr\/?s={search_term_string}"},"query-input":"required name=search_term_string"}],"inLanguage":"hr"},{"@type":"ImageObject","@id":"http:\/\/ines-falak.from.hr\/?page_id=963#primaryimage","inLanguage":"hr","url":"http:\/\/from.hr\/ines-falak\/files\/2022\/02\/Sadrzaj-vj3-m.jpg","contentUrl":"http:\/\/from.hr\/ines-falak\/files\/2022\/02\/Sadrzaj-vj3-m.jpg"},{"@type":"WebPage","@id":"http:\/\/ines-falak.from.hr\/?page_id=963#webpage","url":"http:\/\/ines-falak.from.hr\/?page_id=963","name":"Vje\u017ebnica 3 - Potra\u017ei, \u010ditaj, ma\u0161taj, istra\u017ei, izra\u010dunaj","isPartOf":{"@id":"http:\/\/ines-falak.from.hr\/#website"},"primaryImageOfPage":{"@id":"http:\/\/ines-falak.from.hr\/?page_id=963#primaryimage"},"datePublished":"2022-02-06T08:55:16+00:00","dateModified":"2022-02-06T11:17:01+00:00","breadcrumb":{"@id":"http:\/\/ines-falak.from.hr\/?page_id=963#breadcrumb"},"inLanguage":"hr","potentialAction":[{"@type":"ReadAction","target":["http:\/\/ines-falak.from.hr\/?page_id=963"]}]},{"@type":"BreadcrumbList","@id":"http:\/\/ines-falak.from.hr\/?page_id=963#breadcrumb","itemListElement":[{"@type":"ListItem","position":1,"name":"Home","item":"http:\/\/ines-falak.from.hr\/"},{"@type":"ListItem","position":2,"name":"Vje\u017ebenice &#8211; HJ","item":"http:\/\/ines-falak.from.hr\/?page_id=935"},{"@type":"ListItem","position":3,"name":"Vje\u017ebnica 3"}]}]}},"_links":{"self":[{"href":"http:\/\/ines-falak.from.hr\/index.php?rest_route=\/wp\/v2\/pages\/963"}],"collection":[{"href":"http:\/\/ines-falak.from.hr\/index.php?rest_route=\/wp\/v2\/pages"}],"about":[{"href":"http:\/\/ines-falak.from.hr\/index.php?rest_route=\/wp\/v2\/types\/page"}],"author":[{"embeddable":true,"href":"http:\/\/ines-falak.from.hr\/index.php?rest_route=\/wp\/v2\/users\/1352"}],"replies":[{"embeddable":true,"href":"http:\/\/ines-falak.from.hr\/index.php?rest_route=%2Fwp%2Fv2%2Fcomments&post=963"}],"version-history":[{"count":6,"href":"http:\/\/ines-falak.from.hr\/index.php?rest_route=\/wp\/v2\/pages\/963\/revisions"}],"predecessor-version":[{"id":993,"href":"http:\/\/ines-falak.from.hr\/index.php?rest_route=\/wp\/v2\/pages\/963\/revisions\/993"}],"up":[{"embeddable":true,"href":"http:\/\/ines-falak.from.hr\/index.php?rest_route=\/wp\/v2\/pages\/935"}],"wp:attachment":[{"href":"http:\/\/ines-falak.from.hr\/index.php?rest_route=%2Fwp%2Fv2%2Fmedia&parent=963"}],"curies":[{"name":"wp","href":"https:\/\/api.w.org\/{rel}","templated":true}]}}